{"id":9752,"date":"2020-08-14T13:38:38","date_gmt":"2020-08-14T17:38:38","guid":{"rendered":"https:\/\/www.lessuitestremblant.com\/?page_id=9752"},"modified":"2026-03-11T15:05:15","modified_gmt":"2026-03-11T19:05:15","slug":"brochures","status":"publish","type":"page","link":"https:\/\/www.lessuitestremblant.com\/fr\/brochures\/","title":{"rendered":"Fiches d&rsquo;information"},"content":{"rendered":"<div id='fiches'  class='avia-section av-kdukmsze-75eebdd6fcd9c3d792e717773ae0c557 main_color avia-section-default avia-no-border-styling  avia-builder-el-0  avia-builder-el-no-sibling  avia-bg-style-scroll container_wrap fullsize'  ><div class='container av-section-cont-open' ><main  role=\"main\" itemprop=\"mainContentOfPage\"  class='template-page content  av-content-full alpha units'><div class='post-entry post-entry-type-page post-entry-9752'><div class='entry-content-wrapper clearfix'>\n\n<style type=\"text\/css\" data-created_by=\"avia_inline_auto\" id=\"style-css-av-kiro0fcy-8e01fa8f5e5d5596f874484099bd2306\">\n#top .av-special-heading.av-kiro0fcy-8e01fa8f5e5d5596f874484099bd2306{\npadding-bottom:0;\n}\nbody .av-special-heading.av-kiro0fcy-8e01fa8f5e5d5596f874484099bd2306 .av-special-heading-tag .heading-char{\nfont-size:25px;\n}\n.av-special-heading.av-kiro0fcy-8e01fa8f5e5d5596f874484099bd2306 .av-subheading{\nfont-size:18px;\n}\n<\/style>\n<div  class='av-special-heading av-kiro0fcy-8e01fa8f5e5d5596f874484099bd2306 av-special-heading-h1 blockquote modern-quote modern-centered  avia-builder-el-1  el_before_av_hr  avia-builder-el-first '><h1 class='av-special-heading-tag '  itemprop=\"headline\"  >Fiches d\u2019information<\/h1><div class='av-subheading av-subheading_below'><p>Toutes les informations utiles \u00e0 conna\u00eetre avant votre arriv\u00e9e \u00e0 l&rsquo;h\u00f4tel.<\/p>\n<\/div><div class=\"special-heading-border\"><div class=\"special-heading-inner-border\"><\/div><\/div><\/div>\n\n<style type=\"text\/css\" data-created_by=\"avia_inline_auto\" id=\"style-css-av-kdukkmot-be553e42fc7fba6cf245200bc4f665e5\">\n#top .hr.av-kdukkmot-be553e42fc7fba6cf245200bc4f665e5{\nmargin-top:15px;\nmargin-bottom:25px;\n}\n.hr.av-kdukkmot-be553e42fc7fba6cf245200bc4f665e5 .hr-inner{\nwidth:50px;\nmax-width:45%;\n}\n.hr.av-kdukkmot-be553e42fc7fba6cf245200bc4f665e5 .av-seperator-icon{\ncolor:#284779;\n}\n.hr.av-kdukkmot-be553e42fc7fba6cf245200bc4f665e5 .av-seperator-icon.avia-svg-icon svg:first-child{\nfill:#284779;\nstroke:#284779;\n}\n<\/style>\n<div  class='hr av-kdukkmot-be553e42fc7fba6cf245200bc4f665e5 hr-custom  avia-builder-el-2  el_after_av_heading  el_before_av_masonry_gallery  avia-builder-el-last  hr-center hr-icon-yes'><span class='hr-inner inner-border-av-border-thin'><span class=\"hr-inner-style\"><\/span><\/span><span class='av-seperator-icon avia-iconfont avia-font-entypo-fontello' data-av_icon='\ue87b' data-av_iconfont='entypo-fontello' ><\/span><span class='hr-inner inner-border-av-border-thin'><span class=\"hr-inner-style\"><\/span><\/span><\/div>\n\n<style type=\"text\/css\" data-created_by=\"avia_inline_auto\" id=\"style-css-av-kdujd2tr-f2b2a1be0299c5fd10643ebf1cfd4616\">\n#top .av-masonry.av-kdujd2tr-f2b2a1be0299c5fd10643ebf1cfd4616{\nbackground-color:#ffffff;\n}\n<\/style>\n<div id='av-masonry-1' class='av-masonry av-kdujd2tr-f2b2a1be0299c5fd10643ebf1cfd4616 noHover av-fixed-size av-large-gap av-hover-overlay-active av-masonry-animation-active av-masonry-col-4 av-caption-always av-caption-style-overlay av-masonry-gallery ' data-post_id=\"9752\"><div class=\"av-masonry-container isotope av-js-disabled\"><div class='av-masonry-entry isotope-item av-masonry-item-no-image '><\/div><a href=\"https:\/\/www.lessuitestremblant.com\/pdf\/fiche-cartable-ermitage-du-lac-fr.pdf\"  aria-label=\"image Ermitage du Lac\"  target=\"_blank\" rel=\"noopener noreferrer\" id='av-masonry-1-item-16221' data-av-masonry-item='16221' class='av-masonry-entry isotope-item post-16221 attachment type-attachment status-inherit hentry  av-masonry-item-with-image' title=\"Ermitage du Lac\" alt=\"\"  data-av-masonry-custom-link=\"https:\/\/www.lessuitestremblant.com\/pdf\/fiche-cartable-ermitage-du-lac-fr.pdf\"  itemprop=\"thumbnailUrl\" ><div class='av-inner-masonry-sizer'><\/div><figure class='av-inner-masonry main_color'><div class=\"av-masonry-outerimage-container\"><div class='av-masonry-image-container' style=\"background-image: url(https:\/\/www.lessuitestremblant.com\/wp-content\/uploads\/2024\/04\/ermitage-summer2-705x397.jpeg);\"  title=\"Ermitage du Lac\" ><\/div><\/div><figcaption class='av-inner-masonry-content site-background'><div class='av-inner-masonry-content-pos'><div class='av-inner-masonry-content-pos-content'><div class='avia-arrow'><\/div><h3 class='av-masonry-entry-title entry-title '  itemprop=\"headline\" >Ermitage du Lac<\/h3><\/div><\/div><\/figcaption><\/figure><\/a><!--end av-masonry entry--><a href=\"https:\/\/www.lessuitestremblant.com\/pdf\/fiche-cartable-holiday-inn-express-tremblant-fr.pdf\"  aria-label=\"image Holiday Inn Express &#038; Suites Tremblant\"  target=\"_blank\" rel=\"noopener noreferrer\" id='av-masonry-1-item-8142' data-av-masonry-item='8142' class='av-masonry-entry isotope-item post-8142 attachment type-attachment status-inherit hentry  av-masonry-item-with-image' title=\"Holiday Inn Express &#038; Suites Tremblant\" alt=\"\"  data-av-masonry-custom-link=\"https:\/\/www.lessuitestremblant.com\/pdf\/fiche-cartable-holiday-inn-express-tremblant-fr.pdf\"  itemprop=\"thumbnailUrl\" ><div class='av-inner-masonry-sizer'><\/div><figure class='av-inner-masonry main_color'><div class=\"av-masonry-outerimage-container\"><div class='av-masonry-image-container' style=\"background-image: url(https:\/\/www.lessuitestremblant.com\/wp-content\/uploads\/2019\/05\/holiday-inn-ete-705x397.jpg);\"  title=\"Holiday Inn Express &#038; Suites Tremblant\" ><\/div><\/div><figcaption class='av-inner-masonry-content site-background'><div class='av-inner-masonry-content-pos'><div class='av-inner-masonry-content-pos-content'><div class='avia-arrow'><\/div><h3 class='av-masonry-entry-title entry-title '  itemprop=\"headline\" >Holiday Inn Express &#038; Suites Tremblant<\/h3><\/div><\/div><\/figcaption><\/figure><\/a><!--end av-masonry entry--><a href=\"https:\/\/www.lessuitestremblant.com\/pdf\/fiche-cartable-lodge-de-la-montagne-fr.pdf\"  aria-label=\"image Lodge de la Montagne\"  target=\"_blank\" rel=\"noopener noreferrer\" id='av-masonry-1-item-5848' data-av-masonry-item='5848' class='av-masonry-entry isotope-item post-5848 attachment type-attachment status-inherit hentry  av-masonry-item-with-image' title=\"Lodge de la Montagne\" alt=\"\"  data-av-masonry-custom-link=\"https:\/\/www.lessuitestremblant.com\/pdf\/fiche-cartable-lodge-de-la-montagne-fr.pdf\"  itemprop=\"thumbnailUrl\" ><div class='av-inner-masonry-sizer'><\/div><figure class='av-inner-masonry main_color'><div class=\"av-masonry-outerimage-container\"><div class='av-masonry-image-container' style=\"background-image: url(https:\/\/www.lessuitestremblant.com\/wp-content\/uploads\/2016\/10\/lodge-montagne-1-705x397.jpg);\"  title=\"Lodge de la Montagne\" ><\/div><\/div><figcaption class='av-inner-masonry-content site-background'><div class='av-inner-masonry-content-pos'><div class='av-inner-masonry-content-pos-content'><div class='avia-arrow'><\/div><h3 class='av-masonry-entry-title entry-title '  itemprop=\"headline\" >Lodge de la Montagne<\/h3><\/div><\/div><\/figcaption><\/figure><\/a><!--end av-masonry entry--><a href=\"https:\/\/www.lessuitestremblant.com\/pdf\/fiche-cartable-place-st-bernard-fr.pdf\"  aria-label=\"image Place St-Bernard\"  target=\"_blank\" rel=\"noopener noreferrer\" id='av-masonry-1-item-5862' data-av-masonry-item='5862' class='av-masonry-entry isotope-item post-5862 attachment type-attachment status-inherit hentry  av-masonry-item-with-image' title=\"Place St-Bernard\" alt=\"\"  data-av-masonry-custom-link=\"https:\/\/www.lessuitestremblant.com\/pdf\/fiche-cartable-place-st-bernard-fr.pdf\"  itemprop=\"thumbnailUrl\" ><div class='av-inner-masonry-sizer'><\/div><figure class='av-inner-masonry main_color'><div class=\"av-masonry-outerimage-container\"><div class='av-masonry-image-container' style=\"background-image: url(https:\/\/www.lessuitestremblant.com\/wp-content\/uploads\/2016\/10\/place-st-bernard-1-705x397.jpg);\"  title=\"Place St-Bernard\" ><\/div><\/div><figcaption class='av-inner-masonry-content site-background'><div class='av-inner-masonry-content-pos'><div class='av-inner-masonry-content-pos-content'><div class='avia-arrow'><\/div><h3 class='av-masonry-entry-title entry-title '  itemprop=\"headline\" >Place St-Bernard<\/h3><\/div><\/div><\/figcaption><\/figure><\/a><!--end av-masonry entry--><a href=\"https:\/\/www.lessuitestremblant.com\/pdf\/fiche-cartable-sommet-des-neiges-fr.pdf\"  aria-label=\"image Sommet des Neiges\"  target=\"_blank\" rel=\"noopener noreferrer\" id='av-masonry-1-item-5882' data-av-masonry-item='5882' class='av-masonry-entry isotope-item post-5882 attachment type-attachment status-inherit hentry  av-masonry-item-with-image' title=\"Sommet des Neiges\" alt=\"\"  data-av-masonry-custom-link=\"https:\/\/www.lessuitestremblant.com\/pdf\/fiche-cartable-sommet-des-neiges-fr.pdf\"  itemprop=\"thumbnailUrl\" ><div class='av-inner-masonry-sizer'><\/div><figure class='av-inner-masonry main_color'><div class=\"av-masonry-outerimage-container\"><div class='av-masonry-image-container' style=\"background-image: url(https:\/\/www.lessuitestremblant.com\/wp-content\/uploads\/2016\/08\/sommet-des-neiges-1-705x397.jpg);\"  title=\"Sommet des Neiges\" ><\/div><\/div><figcaption class='av-inner-masonry-content site-background'><div class='av-inner-masonry-content-pos'><div class='av-inner-masonry-content-pos-content'><div class='avia-arrow'><\/div><h3 class='av-masonry-entry-title entry-title '  itemprop=\"headline\" >Sommet des Neiges<\/h3><\/div><\/div><\/figcaption><\/figure><\/a><!--end av-masonry entry--><a href=\"https:\/\/www.lessuitestremblant.com\/pdf\/fiche-cartable-tour-des-voyageurs-fr.pdf\"  aria-label=\"image Tour des Voyageurs I\"  target=\"_blank\" rel=\"noopener noreferrer\" id='av-masonry-1-item-5897' data-av-masonry-item='5897' class='av-masonry-entry isotope-item post-5897 attachment type-attachment status-inherit hentry  av-masonry-item-with-image' title=\"Tour des Voyageurs I\" alt=\"\"  data-av-masonry-custom-link=\"https:\/\/www.lessuitestremblant.com\/pdf\/fiche-cartable-tour-des-voyageurs-fr.pdf\"  itemprop=\"thumbnailUrl\" ><div class='av-inner-masonry-sizer'><\/div><figure class='av-inner-masonry main_color'><div class=\"av-masonry-outerimage-container\"><div class='av-masonry-image-container' style=\"background-image: url(https:\/\/www.lessuitestremblant.com\/wp-content\/uploads\/2016\/10\/tour-des-voyageursI-705x397.jpg);\"  title=\"Tour des Voyageurs I\" ><\/div><\/div><figcaption class='av-inner-masonry-content site-background'><div class='av-inner-masonry-content-pos'><div class='av-inner-masonry-content-pos-content'><div class='avia-arrow'><\/div><h3 class='av-masonry-entry-title entry-title '  itemprop=\"headline\" >Tour des Voyageurs I<\/h3><\/div><\/div><\/figcaption><\/figure><\/a><!--end av-masonry entry--><a href=\"https:\/\/www.lessuitestremblant.com\/pdf\/fiche-cartable-tour-des-voyageurs-2-fr.pdf\"  aria-label=\"image Tour des Voyageurs II\"  target=\"_blank\" rel=\"noopener noreferrer\" id='av-masonry-1-item-7319' data-av-masonry-item='7319' class='av-masonry-entry isotope-item post-7319 attachment type-attachment status-inherit hentry  av-masonry-item-with-image' title=\"Tour des Voyageurs II\" alt=\"\"  data-av-masonry-custom-link=\"https:\/\/www.lessuitestremblant.com\/pdf\/fiche-cartable-tour-des-voyageurs-2-fr.pdf\"  itemprop=\"thumbnailUrl\" ><div class='av-inner-masonry-sizer'><\/div><figure class='av-inner-masonry main_color'><div class=\"av-masonry-outerimage-container\"><div class='av-masonry-image-container' style=\"background-image: url(https:\/\/www.lessuitestremblant.com\/wp-content\/uploads\/2018\/07\/tour-des-voyageurs-II-ext-summer-705x396.jpg);\"  title=\"Tour des Voyageurs II\" ><\/div><\/div><figcaption class='av-inner-masonry-content site-background'><div class='av-inner-masonry-content-pos'><div class='av-inner-masonry-content-pos-content'><div class='avia-arrow'><\/div><h3 class='av-masonry-entry-title entry-title '  itemprop=\"headline\" >Tour des Voyageurs II<\/h3><\/div><\/div><\/figcaption><\/figure><\/a><!--end av-masonry entry--><\/div><\/div>\n\n<style type=\"text\/css\" data-created_by=\"avia_inline_auto\" id=\"style-css-av-lvo7uzwf-58676fc69810a88160539de3e03e5b1e\">\n#top .av-masonry.av-lvo7uzwf-58676fc69810a88160539de3e03e5b1e{\nbackground-color:#ffffff;\n}\n<\/style>\n<div id='av-masonry-2' class='av-masonry av-lvo7uzwf-58676fc69810a88160539de3e03e5b1e noHover av-fixed-size av-large-gap av-hover-overlay-active av-masonry-animation-active av-masonry-col-4 av-caption-always av-caption-style-overlay av-masonry-gallery av-desktop-hide av-medium-hide av-small-hide av-mini-hide ' data-post_id=\"9752\"><div class=\"av-masonry-container isotope av-js-disabled\"><div class='av-masonry-entry isotope-item av-masonry-item-no-image '><\/div><a href=\"https:\/\/www.lessuitestremblant.com\/pdf\/fiche-cartable-ermitage-du-lac-fr.pdf\"  aria-label=\"image Ermitage du Lac\"  target=\"_blank\" rel=\"noopener noreferrer\" id='av-masonry-2-item-7593' data-av-masonry-item='7593' class='av-masonry-entry isotope-item post-7593 attachment type-attachment status-inherit hentry  av-masonry-item-with-image' title=\"Ermitage du Lac\" alt=\"\"  data-av-masonry-custom-link=\"https:\/\/www.lessuitestremblant.com\/pdf\/fiche-cartable-ermitage-du-lac-fr.pdf\"  itemprop=\"thumbnailUrl\" ><div class='av-inner-masonry-sizer'><\/div><figure class='av-inner-masonry main_color'><div class=\"av-masonry-outerimage-container\"><div class='av-masonry-image-container' style=\"background-image: url(https:\/\/www.lessuitestremblant.com\/wp-content\/uploads\/2018\/12\/ermitage-winter-m-705x397.jpg);\"  title=\"Ermitage du Lac\" ><\/div><\/div><figcaption class='av-inner-masonry-content site-background'><div class='av-inner-masonry-content-pos'><div class='av-inner-masonry-content-pos-content'><div class='avia-arrow'><\/div><h3 class='av-masonry-entry-title entry-title '  itemprop=\"headline\" >Ermitage du Lac<\/h3><\/div><\/div><\/figcaption><\/figure><\/a><!--end av-masonry entry--><a href=\"https:\/\/www.lessuitestremblant.com\/pdf\/fiche-cartable-lodge-de-la-montagne-fr.pdf\"  aria-label=\"image Lodge de la Montagne\"  target=\"_blank\" rel=\"noopener noreferrer\" id='av-masonry-2-item-7578' data-av-masonry-item='7578' class='av-masonry-entry isotope-item post-7578 attachment type-attachment status-inherit hentry  av-masonry-item-with-image' title=\"Lodge de la Montagne\" alt=\"\"  data-av-masonry-custom-link=\"https:\/\/www.lessuitestremblant.com\/pdf\/fiche-cartable-lodge-de-la-montagne-fr.pdf\"  itemprop=\"thumbnailUrl\" ><div class='av-inner-masonry-sizer'><\/div><figure class='av-inner-masonry main_color'><div class=\"av-masonry-outerimage-container\"><div class='av-masonry-image-container' style=\"background-image: url(https:\/\/www.lessuitestremblant.com\/wp-content\/uploads\/2018\/12\/lodge-de-la-montagne-ext-winter-705x397.jpg);\"  title=\"Lodge de la Montagne\" ><\/div><\/div><figcaption class='av-inner-masonry-content site-background'><div class='av-inner-masonry-content-pos'><div class='av-inner-masonry-content-pos-content'><div class='avia-arrow'><\/div><h3 class='av-masonry-entry-title entry-title '  itemprop=\"headline\" >Lodge de la Montagne<\/h3><\/div><\/div><\/figcaption><\/figure><\/a><!--end av-masonry entry--><a href=\"https:\/\/www.lessuitestremblant.com\/pdf\/fiche-cartable-place-st-bernard-fr.pdf\"  aria-label=\"image Place St-Bernard\"  target=\"_blank\" rel=\"noopener noreferrer\" id='av-masonry-2-item-7589' data-av-masonry-item='7589' class='av-masonry-entry isotope-item post-7589 attachment type-attachment status-inherit hentry  av-masonry-item-with-image' title=\"Place St-Bernard\" alt=\"\"  data-av-masonry-custom-link=\"https:\/\/www.lessuitestremblant.com\/pdf\/fiche-cartable-place-st-bernard-fr.pdf\"  itemprop=\"thumbnailUrl\" ><div class='av-inner-masonry-sizer'><\/div><figure class='av-inner-masonry main_color'><div class=\"av-masonry-outerimage-container\"><div class='av-masonry-image-container' style=\"background-image: url(https:\/\/www.lessuitestremblant.com\/wp-content\/uploads\/2018\/12\/place-saint-bernard-winter-m-705x397.jpg);\"  title=\"Place St-Bernard\" ><\/div><\/div><figcaption class='av-inner-masonry-content site-background'><div class='av-inner-masonry-content-pos'><div class='av-inner-masonry-content-pos-content'><div class='avia-arrow'><\/div><h3 class='av-masonry-entry-title entry-title '  itemprop=\"headline\" >Place St-Bernard<\/h3><\/div><\/div><\/figcaption><\/figure><\/a><!--end av-masonry entry--><a href=\"https:\/\/www.lessuitestremblant.com\/pdf\/fiche-cartable-sommet-des-neiges-fr.pdf\"  aria-label=\"image Sommet des Neiges\"  target=\"_blank\" rel=\"noopener noreferrer\" id='av-masonry-2-item-7587' data-av-masonry-item='7587' class='av-masonry-entry isotope-item post-7587 attachment type-attachment status-inherit hentry  av-masonry-item-with-image' title=\"Sommet des Neiges\" alt=\"\"  data-av-masonry-custom-link=\"https:\/\/www.lessuitestremblant.com\/pdf\/fiche-cartable-sommet-des-neiges-fr.pdf\"  itemprop=\"thumbnailUrl\" ><div class='av-inner-masonry-sizer'><\/div><figure class='av-inner-masonry main_color'><div class=\"av-masonry-outerimage-container\"><div class='av-masonry-image-container' style=\"background-image: url(https:\/\/www.lessuitestremblant.com\/wp-content\/uploads\/2018\/12\/sommet-des-neiges-winter-m-705x397.jpg);\"  title=\"Sommet des Neiges\" ><\/div><\/div><figcaption class='av-inner-masonry-content site-background'><div class='av-inner-masonry-content-pos'><div class='av-inner-masonry-content-pos-content'><div class='avia-arrow'><\/div><h3 class='av-masonry-entry-title entry-title '  itemprop=\"headline\" >Sommet des Neiges<\/h3><\/div><\/div><\/figcaption><\/figure><\/a><!--end av-masonry entry--><a href=\"https:\/\/www.lessuitestremblant.com\/pdf\/fiche-cartable-tour-des-voyageurs-fr.pdf\"  aria-label=\"image Tour des Voyageurs I\"  target=\"_blank\" rel=\"noopener noreferrer\" id='av-masonry-2-item-7591' data-av-masonry-item='7591' class='av-masonry-entry isotope-item post-7591 attachment type-attachment status-inherit hentry  av-masonry-item-with-image' title=\"Tour des Voyageurs I\" alt=\"\"  data-av-masonry-custom-link=\"https:\/\/www.lessuitestremblant.com\/pdf\/fiche-cartable-tour-des-voyageurs-fr.pdf\"  itemprop=\"thumbnailUrl\" ><div class='av-inner-masonry-sizer'><\/div><figure class='av-inner-masonry main_color'><div class=\"av-masonry-outerimage-container\"><div class='av-masonry-image-container' style=\"background-image: url(https:\/\/www.lessuitestremblant.com\/wp-content\/uploads\/2018\/12\/tour-des-voyageurs-I-winter-m-705x397.jpg);\"  title=\"Tour des Voyageurs I\" ><\/div><\/div><figcaption class='av-inner-masonry-content site-background'><div class='av-inner-masonry-content-pos'><div class='av-inner-masonry-content-pos-content'><div class='avia-arrow'><\/div><h3 class='av-masonry-entry-title entry-title '  itemprop=\"headline\" >Tour des Voyageurs I<\/h3><\/div><\/div><\/figcaption><\/figure><\/a><!--end av-masonry entry--><a href=\"https:\/\/www.lessuitestremblant.com\/pdf\/fiche-cartable-tour-des-voyageurs-2-fr.pdf\"  aria-label=\"image Tour des Voyageurs II\"  target=\"_blank\" rel=\"noopener noreferrer\" id='av-masonry-2-item-8645' data-av-masonry-item='8645' class='av-masonry-entry isotope-item post-8645 attachment type-attachment status-inherit hentry  av-masonry-item-with-image' title=\"Tour des Voyageurs II\" alt=\"\"  data-av-masonry-custom-link=\"https:\/\/www.lessuitestremblant.com\/pdf\/fiche-cartable-tour-des-voyageurs-2-fr.pdf\"  itemprop=\"thumbnailUrl\" ><div class='av-inner-masonry-sizer'><\/div><figure class='av-inner-masonry main_color'><div class=\"av-masonry-outerimage-container\"><div class='av-masonry-image-container' style=\"background-image: url(https:\/\/www.lessuitestremblant.com\/wp-content\/uploads\/2019\/10\/tour-voyageurs-II-winter-705x397.jpg);\"  title=\"Tour des Voyageurs II\" ><\/div><\/div><figcaption class='av-inner-masonry-content site-background'><div class='av-inner-masonry-content-pos'><div class='av-inner-masonry-content-pos-content'><div class='avia-arrow'><\/div><h3 class='av-masonry-entry-title entry-title '  itemprop=\"headline\" >Tour des Voyageurs II<\/h3><\/div><\/div><\/figcaption><\/figure><\/a><!--end av-masonry entry--><\/div><\/div>\n\n","protected":false},"excerpt":{"rendered":"","protected":false},"author":4,"featured_media":0,"parent":0,"menu_order":0,"comment_status":"closed","ping_status":"closed","template":"","meta":{"footnotes":""},"class_list":["post-9752","page","type-page","status-publish","hentry"],"yoast_head":"<!-- This site is optimized with the Yoast SEO plugin v27.4 - https:\/\/yoast.com\/product\/yoast-seo-wordpress\/ -->\n<title>Fiches d&#039;information | Les Suites Tremblant<\/title>\n<meta name=\"robots\" content=\"index, follow, max-snippet:-1, max-image-preview:large, max-video-preview:-1\" \/>\n<link rel=\"canonical\" href=\"https:\/\/www.lessuitestremblant.com\/fr\/brochures\/\" \/>\n<meta property=\"og:locale\" content=\"fr_CA\" \/>\n<meta property=\"og:type\" content=\"article\" \/>\n<meta property=\"og:title\" content=\"Fiches d&#039;information | Les Suites Tremblant\" \/>\n<meta property=\"og:url\" content=\"https:\/\/www.lessuitestremblant.com\/fr\/brochures\/\" \/>\n<meta property=\"og:site_name\" content=\"Les Suites Tremblant\" \/>\n<meta property=\"article:modified_time\" content=\"2026-03-11T19:05:15+00:00\" \/>\n<meta name=\"twitter:card\" content=\"summary_large_image\" \/>\n<meta name=\"twitter:label1\" content=\"Estimation du temps de lecture\" \/>\n\t<meta name=\"twitter:data1\" content=\"1 minute\" \/>\n<!-- \/ Yoast SEO plugin. -->","yoast_head_json":{"title":"Fiches d'information | Les Suites Tremblant","robots":{"index":"index","follow":"follow","max-snippet":"max-snippet:-1","max-image-preview":"max-image-preview:large","max-video-preview":"max-video-preview:-1"},"canonical":"https:\/\/www.lessuitestremblant.com\/fr\/brochures\/","og_locale":"fr_CA","og_type":"article","og_title":"Fiches d'information | Les Suites Tremblant","og_url":"https:\/\/www.lessuitestremblant.com\/fr\/brochures\/","og_site_name":"Les Suites Tremblant","article_modified_time":"2026-03-11T19:05:15+00:00","twitter_card":"summary_large_image","twitter_misc":{"Estimation du temps de lecture":"1 minute"},"schema":{"@context":"https:\/\/schema.org","@graph":[{"@type":"WebPage","@id":"https:\/\/www.lessuitestremblant.com\/fr\/brochures\/","url":"https:\/\/www.lessuitestremblant.com\/fr\/brochures\/","name":"Fiches d'information | Les Suites Tremblant","isPartOf":{"@id":"https:\/\/www.lessuitestremblant.com\/fr\/#website"},"datePublished":"2020-08-14T17:38:38+00:00","dateModified":"2026-03-11T19:05:15+00:00","breadcrumb":{"@id":"https:\/\/www.lessuitestremblant.com\/fr\/brochures\/#breadcrumb"},"inLanguage":"fr-CA","potentialAction":[{"@type":"ReadAction","target":["https:\/\/www.lessuitestremblant.com\/fr\/brochures\/"]}]},{"@type":"BreadcrumbList","@id":"https:\/\/www.lessuitestremblant.com\/fr\/brochures\/#breadcrumb","itemListElement":[{"@type":"ListItem","position":1,"name":"Accueil","item":"https:\/\/www.lessuitestremblant.com\/fr\/accueil\/"},{"@type":"ListItem","position":2,"name":"Fiches d&#8217;information"}]},{"@type":"WebSite","@id":"https:\/\/www.lessuitestremblant.com\/fr\/#website","url":"https:\/\/www.lessuitestremblant.com\/fr\/","name":"Les Suites Tremblant","description":"","potentialAction":[{"@type":"SearchAction","target":{"@type":"EntryPoint","urlTemplate":"https:\/\/www.lessuitestremblant.com\/fr\/?s={search_term_string}"},"query-input":{"@type":"PropertyValueSpecification","valueRequired":true,"valueName":"search_term_string"}}],"inLanguage":"fr-CA"}]}},"_links":{"self":[{"href":"https:\/\/www.lessuitestremblant.com\/fr\/wp-json\/wp\/v2\/pages\/9752","targetHints":{"allow":["GET"]}}],"collection":[{"href":"https:\/\/www.lessuitestremblant.com\/fr\/wp-json\/wp\/v2\/pages"}],"about":[{"href":"https:\/\/www.lessuitestremblant.com\/fr\/wp-json\/wp\/v2\/types\/page"}],"author":[{"embeddable":true,"href":"https:\/\/www.lessuitestremblant.com\/fr\/wp-json\/wp\/v2\/users\/4"}],"replies":[{"embeddable":true,"href":"https:\/\/www.lessuitestremblant.com\/fr\/wp-json\/wp\/v2\/comments?post=9752"}],"version-history":[{"count":50,"href":"https:\/\/www.lessuitestremblant.com\/fr\/wp-json\/wp\/v2\/pages\/9752\/revisions"}],"predecessor-version":[{"id":25574,"href":"https:\/\/www.lessuitestremblant.com\/fr\/wp-json\/wp\/v2\/pages\/9752\/revisions\/25574"}],"wp:attachment":[{"href":"https:\/\/www.lessuitestremblant.com\/fr\/wp-json\/wp\/v2\/media?parent=9752"}],"curies":[{"name":"wp","href":"https:\/\/api.w.org\/{rel}","templated":true}]}}