{"id":3573,"date":"2016-10-31T13:36:40","date_gmt":"2016-10-31T17:36:40","guid":{"rendered":"https:\/\/www.lessuitestremblant.com\/fr\/groupes-affaires\/banquets\/"},"modified":"2023-10-10T15:26:03","modified_gmt":"2023-10-10T19:26:03","slug":"banquets","status":"publish","type":"page","link":"https:\/\/www.lessuitestremblant.com\/fr\/groupes-affaires\/banquets\/","title":{"rendered":"Banquets"},"content":{"rendered":"\n<style type=\"text\/css\" data-created_by=\"avia_inline_auto\" id=\"style-css-av-av_one_full-6126cab7d8fab8d08143dd2dacdf673c\">\n.flex_column.av-av_one_full-6126cab7d8fab8d08143dd2dacdf673c{\nborder-radius:0px 0px 0px 0px;\npadding:0px 0px 0px 0px;\n}\n<\/style>\n<div  class='flex_column av-av_one_full-6126cab7d8fab8d08143dd2dacdf673c av_one_full  avia-builder-el-0  el_before_av_one_full  avia-builder-el-first  first flex_column_div av-zero-column-padding  '     ><style type=\"text\/css\" data-created_by=\"avia_inline_auto\" id=\"style-css-av-jyq7ta3f-6fe46edbcef0a0b624c1a1e7b3debeff\">\n#top .av-special-heading.av-jyq7ta3f-6fe46edbcef0a0b624c1a1e7b3debeff{\npadding-bottom:10px;\n}\nbody .av-special-heading.av-jyq7ta3f-6fe46edbcef0a0b624c1a1e7b3debeff .av-special-heading-tag .heading-char{\nfont-size:25px;\n}\n.av-special-heading.av-jyq7ta3f-6fe46edbcef0a0b624c1a1e7b3debeff .av-subheading{\nfont-size:20px;\n}\n<\/style>\n<div  class='av-special-heading av-jyq7ta3f-6fe46edbcef0a0b624c1a1e7b3debeff av-special-heading-h1 blockquote modern-quote modern-centered  avia-builder-el-1  avia-builder-el-no-sibling '><h1 class='av-special-heading-tag '  itemprop=\"headline\"  >Banquets<\/h1><div class='av-subheading av-subheading_below'><p>R\u00e9compensez vos coll\u00e8gues par un copieux banquet au sommet de la montagne ou un savoureux m\u00e9choui sur les rives du lac Tremblant. De plus, profitez de l&rsquo;atmosph\u00e8re branch\u00e9e et de l&rsquo;ambiance d\u00e9tendue du village pi\u00e9tonnier, o\u00f9 vous accueillent une foule de restaurants, bar et caf\u00e9s.<\/p>\n<\/div><div class=\"special-heading-border\"><div class=\"special-heading-inner-border\"><\/div><\/div><\/div><\/div>\n\n<style type=\"text\/css\" data-created_by=\"avia_inline_auto\" id=\"style-css-av-av_one_full-1e26125d131ba13f1accaa8241be1528\">\n.flex_column.av-av_one_full-1e26125d131ba13f1accaa8241be1528{\nborder-radius:0px 0px 0px 0px;\npadding:0px 0px 0px 0px;\n}\n<\/style>\n<div  class='flex_column av-av_one_full-1e26125d131ba13f1accaa8241be1528 av_one_full  avia-builder-el-2  el_after_av_one_full  el_before_av_one_full  first flex_column_div av-zero-column-padding  column-top-margin'     ><style type=\"text\/css\" data-created_by=\"avia_inline_auto\" id=\"style-css-av-av_gallery-8355d6d839088fdfed315c60a5d3f8ab\">\n#top .avia-gallery.av-av_gallery-8355d6d839088fdfed315c60a5d3f8ab .avia-gallery-thumb a{\nwidth:20%;\n}\n<\/style>\n<div  class='avia-gallery av-av_gallery-8355d6d839088fdfed315c60a5d3f8ab avia_animate_when_visible  avia-builder-el-3  avia-builder-el-no-sibling  animations_off av-slideshow-ui av-loop-manual-endless av-control-hidden av-navigate-arrows av-navigate-dots hover-effect av-control-hidden avia-gallery-1'  itemprop=\"image\" itemscope=\"itemscope\" itemtype=\"https:\/\/schema.org\/ImageObject\" ><meta itemprop=\"contentURL\" content=\"https:\/\/www.lessuitestremblant.com\/fr\/groupes-affaires\/banquets\/\"><div class='avia-gallery-big-wrapper'><a class='avia-gallery-big fakeLightbox avianolink noLightbox avia-gallery-big-crop-thumb ' href=\"https:\/\/www.lessuitestremblant.com\/wp-content\/uploads\/2016\/11\/banquets-1030x580.jpg\" data-srcset=\"https:\/\/www.lessuitestremblant.com\/wp-content\/uploads\/2016\/11\/banquets-1030x580.jpg 1030w, https:\/\/www.lessuitestremblant.com\/wp-content\/uploads\/2016\/11\/banquets-300x169.jpg 300w, https:\/\/www.lessuitestremblant.com\/wp-content\/uploads\/2016\/11\/banquets-768x432.jpg 768w, https:\/\/www.lessuitestremblant.com\/wp-content\/uploads\/2016\/11\/banquets-705x397.jpg 705w, https:\/\/www.lessuitestremblant.com\/wp-content\/uploads\/2016\/11\/banquets-450x253.jpg 450w, https:\/\/www.lessuitestremblant.com\/wp-content\/uploads\/2016\/11\/banquets.jpg 1350w\" data-sizes=\"(max-width: 1030px) 100vw, 1030px\"  data-onclick='1' title='banquets' ><span class='avia-gallery-big-inner'  itemprop=\"thumbnailUrl\" ><img decoding=\"async\" fetchpriority=\"high\" class=\"wp-image-5923 avia-img-lazy-loading-not-5923\"  width=\"1030\" height=\"580\" src=\"https:\/\/www.lessuitestremblant.com\/wp-content\/uploads\/2016\/11\/banquets-1030x580.jpg\" title='banquets' alt='' srcset=\"https:\/\/www.lessuitestremblant.com\/wp-content\/uploads\/2016\/11\/banquets-1030x580.jpg 1030w, https:\/\/www.lessuitestremblant.com\/wp-content\/uploads\/2016\/11\/banquets-300x169.jpg 300w, https:\/\/www.lessuitestremblant.com\/wp-content\/uploads\/2016\/11\/banquets-768x432.jpg 768w, https:\/\/www.lessuitestremblant.com\/wp-content\/uploads\/2016\/11\/banquets-705x397.jpg 705w, https:\/\/www.lessuitestremblant.com\/wp-content\/uploads\/2016\/11\/banquets-450x253.jpg 450w, https:\/\/www.lessuitestremblant.com\/wp-content\/uploads\/2016\/11\/banquets.jpg 1350w\" sizes=\"(max-width: 1030px) 100vw, 1030px\" \/><\/span><\/a><\/div><div class='avia-gallery-thumb'><a href=\"https:\/\/www.lessuitestremblant.com\/wp-content\/uploads\/2016\/11\/banquets-1030x580.jpg\" data-srcset=\"https:\/\/www.lessuitestremblant.com\/wp-content\/uploads\/2016\/11\/banquets-1030x580.jpg 1030w, https:\/\/www.lessuitestremblant.com\/wp-content\/uploads\/2016\/11\/banquets-300x169.jpg 300w, https:\/\/www.lessuitestremblant.com\/wp-content\/uploads\/2016\/11\/banquets-768x432.jpg 768w, https:\/\/www.lessuitestremblant.com\/wp-content\/uploads\/2016\/11\/banquets-705x397.jpg 705w, https:\/\/www.lessuitestremblant.com\/wp-content\/uploads\/2016\/11\/banquets-450x253.jpg 450w, https:\/\/www.lessuitestremblant.com\/wp-content\/uploads\/2016\/11\/banquets.jpg 1350w\" data-sizes=\"(max-width: 1030px) 100vw, 1030px\" data-rel='gallery-1' data-prev-img='https:\/\/www.lessuitestremblant.com\/wp-content\/uploads\/2016\/11\/banquets-1030x580.jpg' class='first_thumb avianolink noLightbox ' data-onclick='1' title='banquets'  itemprop=\"thumbnailUrl\"  ><img decoding=\"async\" fetchpriority=\"high\" class=\"wp-image-5923 avia-img-lazy-loading-not-5923\"   src=\"https:\/\/www.lessuitestremblant.com\/wp-content\/uploads\/2016\/11\/banquets-495x400.jpg\" width=\"495\" height=\"400\"  title='banquets' alt='' srcset=\"https:\/\/www.lessuitestremblant.com\/wp-content\/uploads\/2016\/11\/banquets-495x400.jpg 495w, https:\/\/www.lessuitestremblant.com\/wp-content\/uploads\/2016\/11\/banquets-845x684.jpg 845w\" sizes=\"(max-width: 495px) 100vw, 495px\" \/><div class='big-prev-fake'><img decoding=\"async\" loading=\"lazy\" class=\"wp-image-5923 avia-img-lazy-loading-5923\"  width=\"1030\" height=\"580\" src=\"https:\/\/www.lessuitestremblant.com\/wp-content\/uploads\/2016\/11\/banquets-1030x580.jpg\" title='banquets' alt='' srcset=\"https:\/\/www.lessuitestremblant.com\/wp-content\/uploads\/2016\/11\/banquets-1030x580.jpg 1030w, https:\/\/www.lessuitestremblant.com\/wp-content\/uploads\/2016\/11\/banquets-300x169.jpg 300w, https:\/\/www.lessuitestremblant.com\/wp-content\/uploads\/2016\/11\/banquets-768x432.jpg 768w, https:\/\/www.lessuitestremblant.com\/wp-content\/uploads\/2016\/11\/banquets-705x397.jpg 705w, https:\/\/www.lessuitestremblant.com\/wp-content\/uploads\/2016\/11\/banquets-450x253.jpg 450w, https:\/\/www.lessuitestremblant.com\/wp-content\/uploads\/2016\/11\/banquets.jpg 1350w\" sizes=\"auto, (max-width: 1030px) 100vw, 1030px\" \/><\/div><\/a><a href=\"https:\/\/www.lessuitestremblant.com\/wp-content\/uploads\/2016\/11\/banquets2-1030x579.jpg\" data-srcset=\"https:\/\/www.lessuitestremblant.com\/wp-content\/uploads\/2016\/11\/banquets2-1030x579.jpg 1030w, https:\/\/www.lessuitestremblant.com\/wp-content\/uploads\/2016\/11\/banquets2-300x169.jpg 300w, https:\/\/www.lessuitestremblant.com\/wp-content\/uploads\/2016\/11\/banquets2-768x432.jpg 768w, https:\/\/www.lessuitestremblant.com\/wp-content\/uploads\/2016\/11\/banquets2-705x396.jpg 705w, https:\/\/www.lessuitestremblant.com\/wp-content\/uploads\/2016\/11\/banquets2-450x253.jpg 450w, https:\/\/www.lessuitestremblant.com\/wp-content\/uploads\/2016\/11\/banquets2.jpg 1350w\" data-sizes=\"(max-width: 1030px) 100vw, 1030px\" data-rel='gallery-1' data-prev-img='https:\/\/www.lessuitestremblant.com\/wp-content\/uploads\/2016\/11\/banquets2-1030x579.jpg' class='avianolink noLightbox ' data-onclick='2' title='banquets2'  itemprop=\"thumbnailUrl\"  ><img decoding=\"async\" fetchpriority=\"high\" class=\"wp-image-5922 avia-img-lazy-loading-not-5922\"   src=\"https:\/\/www.lessuitestremblant.com\/wp-content\/uploads\/2016\/11\/banquets2-495x400.jpg\" width=\"495\" height=\"400\"  title='banquets2' alt='' srcset=\"https:\/\/www.lessuitestremblant.com\/wp-content\/uploads\/2016\/11\/banquets2-495x400.jpg 495w, https:\/\/www.lessuitestremblant.com\/wp-content\/uploads\/2016\/11\/banquets2-845x684.jpg 845w\" sizes=\"(max-width: 495px) 100vw, 495px\" \/><div class='big-prev-fake'><img decoding=\"async\" loading=\"lazy\" class=\"wp-image-5922 avia-img-lazy-loading-5922\"  width=\"1030\" height=\"579\" src=\"https:\/\/www.lessuitestremblant.com\/wp-content\/uploads\/2016\/11\/banquets2-1030x579.jpg\" title='banquets2' alt='' srcset=\"https:\/\/www.lessuitestremblant.com\/wp-content\/uploads\/2016\/11\/banquets2-1030x579.jpg 1030w, https:\/\/www.lessuitestremblant.com\/wp-content\/uploads\/2016\/11\/banquets2-300x169.jpg 300w, https:\/\/www.lessuitestremblant.com\/wp-content\/uploads\/2016\/11\/banquets2-768x432.jpg 768w, https:\/\/www.lessuitestremblant.com\/wp-content\/uploads\/2016\/11\/banquets2-705x396.jpg 705w, https:\/\/www.lessuitestremblant.com\/wp-content\/uploads\/2016\/11\/banquets2-450x253.jpg 450w, https:\/\/www.lessuitestremblant.com\/wp-content\/uploads\/2016\/11\/banquets2.jpg 1350w\" sizes=\"auto, (max-width: 1030px) 100vw, 1030px\" \/><\/div><\/a><a href=\"https:\/\/www.lessuitestremblant.com\/wp-content\/uploads\/2016\/11\/banquets3-1030x580.jpg\" data-srcset=\"https:\/\/www.lessuitestremblant.com\/wp-content\/uploads\/2016\/11\/banquets3-1030x580.jpg 1030w, https:\/\/www.lessuitestremblant.com\/wp-content\/uploads\/2016\/11\/banquets3-300x169.jpg 300w, https:\/\/www.lessuitestremblant.com\/wp-content\/uploads\/2016\/11\/banquets3-768x432.jpg 768w, https:\/\/www.lessuitestremblant.com\/wp-content\/uploads\/2016\/11\/banquets3-705x397.jpg 705w, https:\/\/www.lessuitestremblant.com\/wp-content\/uploads\/2016\/11\/banquets3-450x253.jpg 450w, https:\/\/www.lessuitestremblant.com\/wp-content\/uploads\/2016\/11\/banquets3.jpg 1350w\" data-sizes=\"(max-width: 1030px) 100vw, 1030px\" data-rel='gallery-1' data-prev-img='https:\/\/www.lessuitestremblant.com\/wp-content\/uploads\/2016\/11\/banquets3-1030x580.jpg' class='avianolink noLightbox ' data-onclick='3' title='banquets3'  itemprop=\"thumbnailUrl\"  ><img decoding=\"async\" fetchpriority=\"high\" class=\"wp-image-5921 avia-img-lazy-loading-not-5921\"   src=\"https:\/\/www.lessuitestremblant.com\/wp-content\/uploads\/2016\/11\/banquets3-495x400.jpg\" width=\"495\" height=\"400\"  title='banquets3' alt='' srcset=\"https:\/\/www.lessuitestremblant.com\/wp-content\/uploads\/2016\/11\/banquets3-495x400.jpg 495w, https:\/\/www.lessuitestremblant.com\/wp-content\/uploads\/2016\/11\/banquets3-845x684.jpg 845w\" sizes=\"(max-width: 495px) 100vw, 495px\" \/><div class='big-prev-fake'><img decoding=\"async\" loading=\"lazy\" class=\"wp-image-5921 avia-img-lazy-loading-5921\"  width=\"1030\" height=\"580\" src=\"https:\/\/www.lessuitestremblant.com\/wp-content\/uploads\/2016\/11\/banquets3-1030x580.jpg\" title='banquets3' alt='' srcset=\"https:\/\/www.lessuitestremblant.com\/wp-content\/uploads\/2016\/11\/banquets3-1030x580.jpg 1030w, https:\/\/www.lessuitestremblant.com\/wp-content\/uploads\/2016\/11\/banquets3-300x169.jpg 300w, https:\/\/www.lessuitestremblant.com\/wp-content\/uploads\/2016\/11\/banquets3-768x432.jpg 768w, https:\/\/www.lessuitestremblant.com\/wp-content\/uploads\/2016\/11\/banquets3-705x397.jpg 705w, https:\/\/www.lessuitestremblant.com\/wp-content\/uploads\/2016\/11\/banquets3-450x253.jpg 450w, https:\/\/www.lessuitestremblant.com\/wp-content\/uploads\/2016\/11\/banquets3.jpg 1350w\" sizes=\"auto, (max-width: 1030px) 100vw, 1030px\" \/><\/div><\/a><a href=\"https:\/\/www.lessuitestremblant.com\/wp-content\/uploads\/2016\/11\/banquets4-1030x580.jpg\" data-srcset=\"https:\/\/www.lessuitestremblant.com\/wp-content\/uploads\/2016\/11\/banquets4-1030x580.jpg 1030w, https:\/\/www.lessuitestremblant.com\/wp-content\/uploads\/2016\/11\/banquets4-300x169.jpg 300w, https:\/\/www.lessuitestremblant.com\/wp-content\/uploads\/2016\/11\/banquets4-768x432.jpg 768w, https:\/\/www.lessuitestremblant.com\/wp-content\/uploads\/2016\/11\/banquets4-705x397.jpg 705w, https:\/\/www.lessuitestremblant.com\/wp-content\/uploads\/2016\/11\/banquets4-450x253.jpg 450w, https:\/\/www.lessuitestremblant.com\/wp-content\/uploads\/2016\/11\/banquets4.jpg 1350w\" data-sizes=\"(max-width: 1030px) 100vw, 1030px\" data-rel='gallery-1' data-prev-img='https:\/\/www.lessuitestremblant.com\/wp-content\/uploads\/2016\/11\/banquets4-1030x580.jpg' class='avianolink noLightbox ' data-onclick='4' title='banquets4'  itemprop=\"thumbnailUrl\"  ><img decoding=\"async\" fetchpriority=\"high\" class=\"wp-image-5920 avia-img-lazy-loading-not-5920\"   src=\"https:\/\/www.lessuitestremblant.com\/wp-content\/uploads\/2016\/11\/banquets4-495x400.jpg\" width=\"495\" height=\"400\"  title='banquets4' alt='' srcset=\"https:\/\/www.lessuitestremblant.com\/wp-content\/uploads\/2016\/11\/banquets4-495x400.jpg 495w, https:\/\/www.lessuitestremblant.com\/wp-content\/uploads\/2016\/11\/banquets4-845x684.jpg 845w\" sizes=\"(max-width: 495px) 100vw, 495px\" \/><div class='big-prev-fake'><img decoding=\"async\" loading=\"lazy\" class=\"wp-image-5920 avia-img-lazy-loading-5920\"  width=\"1030\" height=\"580\" src=\"https:\/\/www.lessuitestremblant.com\/wp-content\/uploads\/2016\/11\/banquets4-1030x580.jpg\" title='banquets4' alt='' srcset=\"https:\/\/www.lessuitestremblant.com\/wp-content\/uploads\/2016\/11\/banquets4-1030x580.jpg 1030w, https:\/\/www.lessuitestremblant.com\/wp-content\/uploads\/2016\/11\/banquets4-300x169.jpg 300w, https:\/\/www.lessuitestremblant.com\/wp-content\/uploads\/2016\/11\/banquets4-768x432.jpg 768w, https:\/\/www.lessuitestremblant.com\/wp-content\/uploads\/2016\/11\/banquets4-705x397.jpg 705w, https:\/\/www.lessuitestremblant.com\/wp-content\/uploads\/2016\/11\/banquets4-450x253.jpg 450w, https:\/\/www.lessuitestremblant.com\/wp-content\/uploads\/2016\/11\/banquets4.jpg 1350w\" sizes=\"auto, (max-width: 1030px) 100vw, 1030px\" \/><\/div><\/a><a href=\"https:\/\/www.lessuitestremblant.com\/wp-content\/uploads\/2016\/11\/banquets5-1030x580.jpg\" data-srcset=\"https:\/\/www.lessuitestremblant.com\/wp-content\/uploads\/2016\/11\/banquets5-1030x580.jpg 1030w, https:\/\/www.lessuitestremblant.com\/wp-content\/uploads\/2016\/11\/banquets5-300x169.jpg 300w, https:\/\/www.lessuitestremblant.com\/wp-content\/uploads\/2016\/11\/banquets5-768x432.jpg 768w, https:\/\/www.lessuitestremblant.com\/wp-content\/uploads\/2016\/11\/banquets5-705x397.jpg 705w, https:\/\/www.lessuitestremblant.com\/wp-content\/uploads\/2016\/11\/banquets5-450x253.jpg 450w, https:\/\/www.lessuitestremblant.com\/wp-content\/uploads\/2016\/11\/banquets5.jpg 1350w\" data-sizes=\"(max-width: 1030px) 100vw, 1030px\" data-rel='gallery-1' data-prev-img='https:\/\/www.lessuitestremblant.com\/wp-content\/uploads\/2016\/11\/banquets5-1030x580.jpg' class='avianolink noLightbox ' data-onclick='5' title='banquets5'  itemprop=\"thumbnailUrl\"  ><img decoding=\"async\" fetchpriority=\"high\" class=\"wp-image-5919 avia-img-lazy-loading-not-5919\"   src=\"https:\/\/www.lessuitestremblant.com\/wp-content\/uploads\/2016\/11\/banquets5-495x400.jpg\" width=\"495\" height=\"400\"  title='banquets5' alt='' srcset=\"https:\/\/www.lessuitestremblant.com\/wp-content\/uploads\/2016\/11\/banquets5-495x400.jpg 495w, https:\/\/www.lessuitestremblant.com\/wp-content\/uploads\/2016\/11\/banquets5-845x684.jpg 845w\" sizes=\"(max-width: 495px) 100vw, 495px\" \/><div class='big-prev-fake'><img decoding=\"async\" loading=\"lazy\" class=\"wp-image-5919 avia-img-lazy-loading-5919\"  width=\"1030\" height=\"580\" src=\"https:\/\/www.lessuitestremblant.com\/wp-content\/uploads\/2016\/11\/banquets5-1030x580.jpg\" title='banquets5' alt='' srcset=\"https:\/\/www.lessuitestremblant.com\/wp-content\/uploads\/2016\/11\/banquets5-1030x580.jpg 1030w, https:\/\/www.lessuitestremblant.com\/wp-content\/uploads\/2016\/11\/banquets5-300x169.jpg 300w, https:\/\/www.lessuitestremblant.com\/wp-content\/uploads\/2016\/11\/banquets5-768x432.jpg 768w, https:\/\/www.lessuitestremblant.com\/wp-content\/uploads\/2016\/11\/banquets5-705x397.jpg 705w, https:\/\/www.lessuitestremblant.com\/wp-content\/uploads\/2016\/11\/banquets5-450x253.jpg 450w, https:\/\/www.lessuitestremblant.com\/wp-content\/uploads\/2016\/11\/banquets5.jpg 1350w\" sizes=\"auto, (max-width: 1030px) 100vw, 1030px\" \/><\/div><\/a><\/div><\/div><\/div>\n\n<style type=\"text\/css\" data-created_by=\"avia_inline_auto\" id=\"style-css-av-jqigyvsh-5005af2015266bca1fcb15209e3d6de6\">\n.flex_column.av-jqigyvsh-5005af2015266bca1fcb15209e3d6de6{\nborder-radius:0px 0px 0px 0px;\npadding:0px 0px 0px 0px;\n}\n<\/style>\n<div  class='flex_column av-jqigyvsh-5005af2015266bca1fcb15209e3d6de6 av_one_full  avia-builder-el-4  el_after_av_one_full  el_before_av_one_full  first flex_column_div av-animated-generic pop-up av-zero-column-padding  column-top-margin'     ><div  class='avia-button-wrap av-jqigyqdf-df46d7b712f9bef9a8fc44cff67a28cf-wrap avia-button-center  avia-builder-el-5  avia-builder-el-no-sibling '>\n<style type=\"text\/css\" data-created_by=\"avia_inline_auto\" id=\"style-css-av-jqigyqdf-df46d7b712f9bef9a8fc44cff67a28cf\">\n#top #wrap_all .avia-button.av-jqigyqdf-df46d7b712f9bef9a8fc44cff67a28cf{\nbackground-color:#a72225;\nborder-color:#a72225;\ncolor:#ffffff;\ntransition:all 0.4s ease-in-out;\n}\n#top #wrap_all .avia-button.av-jqigyqdf-df46d7b712f9bef9a8fc44cff67a28cf .avia-svg-icon svg:first-child{\nfill:#ffffff;\nstroke:#ffffff;\n}\n<\/style>\n<a href='https:\/\/www.lessuitestremblant.com\/fr\/groupes-affaires\/demande-soumission\/'  class='avia-button av-jqigyqdf-df46d7b712f9bef9a8fc44cff67a28cf av-link-btn avia-icon_select-yes-right-icon avia-size-medium avia-position-center'   aria-label=\"Demande de soumission\"><span class='avia_iconbox_title' >Demande de soumission<\/span><span class='avia_button_icon avia_button_icon_right avia-iconfont avia-font-entypo-fontello' data-av_icon='\ue875' data-av_iconfont='entypo-fontello' ><\/span><\/a><\/div><\/div>\n<style type=\"text\/css\" data-created_by=\"avia_inline_auto\" id=\"style-css-av-av_one_full-d178073293761c5012a3a32f9360aa81\">\n.flex_column.av-av_one_full-d178073293761c5012a3a32f9360aa81{\nborder-radius:0px 0px 0px 0px;\npadding:20px 0px 0px 0px;\n}\n<\/style>\n<div  class='flex_column av-av_one_full-d178073293761c5012a3a32f9360aa81 av_one_full  avia-builder-el-6  el_after_av_one_full  avia-builder-el-last  first flex_column_div  column-top-margin'     ><p>\n<style type=\"text\/css\" data-created_by=\"avia_inline_auto\" id=\"style-css-av-av_heading-c88cfb0a0aaa9db59f5c9a035ae95ab5\">\n#top .av-special-heading.av-av_heading-c88cfb0a0aaa9db59f5c9a035ae95ab5{\npadding-bottom:10px;\n}\nbody .av-special-heading.av-av_heading-c88cfb0a0aaa9db59f5c9a035ae95ab5 .av-special-heading-tag .heading-char{\nfont-size:25px;\n}\n.av-special-heading.av-av_heading-c88cfb0a0aaa9db59f5c9a035ae95ab5 .av-subheading{\nfont-size:15px;\n}\n<\/style>\n<div  class='av-special-heading av-av_heading-c88cfb0a0aaa9db59f5c9a035ae95ab5 av-special-heading-h2  avia-builder-el-7  el_before_av_textblock  avia-builder-el-first '><h2 class='av-special-heading-tag '  itemprop=\"headline\"  >Restaurants<\/h2><div class=\"special-heading-border\"><div class=\"special-heading-inner-border\"><\/div><\/div><\/div><br \/>\n<section  class='av_textblock_section av-jqigzj6t-005af3e7fd0e55e026fecb634a0c106d '   itemscope=\"itemscope\" itemtype=\"https:\/\/schema.org\/CreativeWork\" ><div class='avia_textblock'  itemprop=\"text\" ><p>Qu&rsquo;il s&rsquo;agisse d&rsquo;un repas sur le pouce avant une r\u00e9union importante ou d&rsquo;un plat de fine cuisine fran\u00e7aise savour\u00e9 en bonne compagnie autour d&rsquo;une bouteille de vin, le village pi\u00e9tonnier regorge de restaurants.<\/p>\n<p><a href=\"https:\/\/www.tremblant.ca\/quoi-faire\/restaurants-bars-cafes?sc_lang=fr\" target=\"_blank\" rel=\"noopener noreferrer\">Trouver un restaurant<\/a><\/p>\n<\/div><\/section><\/p><\/div><\/p>\n","protected":false},"excerpt":{"rendered":"","protected":false},"author":4,"featured_media":0,"parent":3444,"menu_order":20,"comment_status":"closed","ping_status":"closed","template":"","meta":{"footnotes":""},"class_list":["post-3573","page","type-page","status-publish","hentry"],"yoast_head":"<!-- This site is optimized with the Yoast SEO plugin v27.4 - https:\/\/yoast.com\/product\/yoast-seo-wordpress\/ -->\n<title>Banquets | Les Suites Tremblant<\/title>\n<meta name=\"robots\" content=\"index, follow, max-snippet:-1, max-image-preview:large, max-video-preview:-1\" \/>\n<link rel=\"canonical\" href=\"https:\/\/www.lessuitestremblant.com\/fr\/groupes-affaires\/banquets\/\" \/>\n<meta property=\"og:locale\" content=\"fr_CA\" \/>\n<meta property=\"og:type\" content=\"article\" \/>\n<meta property=\"og:title\" content=\"Banquets | Les Suites Tremblant\" \/>\n<meta property=\"og:url\" content=\"https:\/\/www.lessuitestremblant.com\/fr\/groupes-affaires\/banquets\/\" \/>\n<meta property=\"og:site_name\" content=\"Les Suites Tremblant\" \/>\n<meta property=\"article:modified_time\" content=\"2023-10-10T19:26:03+00:00\" \/>\n<meta name=\"twitter:card\" content=\"summary_large_image\" \/>\n<meta name=\"twitter:label1\" content=\"Estimation du temps de lecture\" \/>\n\t<meta name=\"twitter:data1\" content=\"2 minutes\" \/>\n<!-- \/ Yoast SEO plugin. -->","yoast_head_json":{"title":"Banquets | Les Suites Tremblant","robots":{"index":"index","follow":"follow","max-snippet":"max-snippet:-1","max-image-preview":"max-image-preview:large","max-video-preview":"max-video-preview:-1"},"canonical":"https:\/\/www.lessuitestremblant.com\/fr\/groupes-affaires\/banquets\/","og_locale":"fr_CA","og_type":"article","og_title":"Banquets | Les Suites Tremblant","og_url":"https:\/\/www.lessuitestremblant.com\/fr\/groupes-affaires\/banquets\/","og_site_name":"Les Suites Tremblant","article_modified_time":"2023-10-10T19:26:03+00:00","twitter_card":"summary_large_image","twitter_misc":{"Estimation du temps de lecture":"2 minutes"},"schema":{"@context":"https:\/\/schema.org","@graph":[{"@type":"WebPage","@id":"https:\/\/www.lessuitestremblant.com\/fr\/groupes-affaires\/banquets\/","url":"https:\/\/www.lessuitestremblant.com\/fr\/groupes-affaires\/banquets\/","name":"Banquets | Les Suites Tremblant","isPartOf":{"@id":"https:\/\/www.lessuitestremblant.com\/fr\/#website"},"datePublished":"2016-10-31T17:36:40+00:00","dateModified":"2023-10-10T19:26:03+00:00","breadcrumb":{"@id":"https:\/\/www.lessuitestremblant.com\/fr\/groupes-affaires\/banquets\/#breadcrumb"},"inLanguage":"fr-CA","potentialAction":[{"@type":"ReadAction","target":["https:\/\/www.lessuitestremblant.com\/fr\/groupes-affaires\/banquets\/"]}]},{"@type":"BreadcrumbList","@id":"https:\/\/www.lessuitestremblant.com\/fr\/groupes-affaires\/banquets\/#breadcrumb","itemListElement":[{"@type":"ListItem","position":1,"name":"Accueil","item":"https:\/\/www.lessuitestremblant.com\/fr\/accueil\/"},{"@type":"ListItem","position":2,"name":"Groupes et affaires","item":"https:\/\/www.lessuitestremblant.com\/fr\/groupes-affaires\/"},{"@type":"ListItem","position":3,"name":"Banquets"}]},{"@type":"WebSite","@id":"https:\/\/www.lessuitestremblant.com\/fr\/#website","url":"https:\/\/www.lessuitestremblant.com\/fr\/","name":"Les Suites Tremblant","description":"","potentialAction":[{"@type":"SearchAction","target":{"@type":"EntryPoint","urlTemplate":"https:\/\/www.lessuitestremblant.com\/fr\/?s={search_term_string}"},"query-input":{"@type":"PropertyValueSpecification","valueRequired":true,"valueName":"search_term_string"}}],"inLanguage":"fr-CA"}]}},"_links":{"self":[{"href":"https:\/\/www.lessuitestremblant.com\/fr\/wp-json\/wp\/v2\/pages\/3573","targetHints":{"allow":["GET"]}}],"collection":[{"href":"https:\/\/www.lessuitestremblant.com\/fr\/wp-json\/wp\/v2\/pages"}],"about":[{"href":"https:\/\/www.lessuitestremblant.com\/fr\/wp-json\/wp\/v2\/types\/page"}],"author":[{"embeddable":true,"href":"https:\/\/www.lessuitestremblant.com\/fr\/wp-json\/wp\/v2\/users\/4"}],"replies":[{"embeddable":true,"href":"https:\/\/www.lessuitestremblant.com\/fr\/wp-json\/wp\/v2\/comments?post=3573"}],"version-history":[{"count":18,"href":"https:\/\/www.lessuitestremblant.com\/fr\/wp-json\/wp\/v2\/pages\/3573\/revisions"}],"predecessor-version":[{"id":25872,"href":"https:\/\/www.lessuitestremblant.com\/fr\/wp-json\/wp\/v2\/pages\/3573\/revisions\/25872"}],"up":[{"embeddable":true,"href":"https:\/\/www.lessuitestremblant.com\/fr\/wp-json\/wp\/v2\/pages\/3444"}],"wp:attachment":[{"href":"https:\/\/www.lessuitestremblant.com\/fr\/wp-json\/wp\/v2\/media?parent=3573"}],"curies":[{"name":"wp","href":"https:\/\/api.w.org\/{rel}","templated":true}]}}