{"id":3557,"date":"2016-10-27T14:58:51","date_gmt":"2016-10-27T18:58:51","guid":{"rendered":"https:\/\/www.lessuitestremblant.com\/fr\/getting-here\/"},"modified":"2026-02-26T09:02:16","modified_gmt":"2026-02-26T14:02:16","slug":"comment-se-rendre","status":"publish","type":"page","link":"https:\/\/www.lessuitestremblant.com\/fr\/comment-se-rendre\/","title":{"rendered":"Acc\u00e8s et transport"},"content":{"rendered":"\n<style type=\"text\/css\" data-created_by=\"avia_inline_auto\" id=\"style-css-av-l4ooxj5b-fa0eb0bc8259621a949c367960dd1169\">\n.avia-section.av-l4ooxj5b-fa0eb0bc8259621a949c367960dd1169{\nbackground-repeat:no-repeat;\nbackground-image:url(https:\/\/www.lessuitestremblant.com\/wp-content\/uploads\/2021\/04\/telework-offer-summer-l.jpg);\nbackground-position:50% 50%;\nbackground-attachment:fixed;\nmargin-top:0px;\nmargin-bottom:30px;\n}\n.avia-section.av-l4ooxj5b-fa0eb0bc8259621a949c367960dd1169 .av-section-color-overlay{\nopacity:0.3;\nbackground-color:#000000;\nbackground-image:url(https:\/\/www.lessuitestremblant.com\/wp-content\/themes\/enfold\/images\/background-images\/dots-for-dark-background.png);\nbackground-repeat:repeat;\n}\n<\/style>\n<div id='av_section_1'  class='avia-section av-l4ooxj5b-fa0eb0bc8259621a949c367960dd1169 main_color avia-section-default avia-no-border-styling  avia-builder-el-0  el_before_av_one_half  avia-builder-el-first  avia-full-stretch avia-bg-style-fixed av-section-color-overlay-active av-minimum-height av-minimum-height-60 av-height-percent  container_wrap fullsize'  data-section-bg-repeat='stretch' data-av_minimum_height_pc='60' data-av_min_height_opt='percent'><div class=\"av-section-color-overlay-wrap\"><div class=\"av-section-color-overlay\"><\/div><div class='container av-section-cont-open' ><main  role=\"main\" itemprop=\"mainContentOfPage\"  class='template-page content  av-content-full alpha units'><div class='post-entry post-entry-type-page post-entry-3557'><div class='entry-content-wrapper clearfix'>\n<div  class='flex_column av-av_one_full-0f6a8b96f65d50ad94ac8057c862fd43 av_one_full  avia-builder-el-1  avia-builder-el-no-sibling  first flex_column_div av-animated-generic bottom-to-top  '     ><style type=\"text\/css\" data-created_by=\"avia_inline_auto\" id=\"style-css-av-l4oovmja-f815a5c6672b205866437a524d956803\">\n#top .av-special-heading.av-l4oovmja-f815a5c6672b205866437a524d956803{\npadding-bottom:10px;\ncolor:#ffffff;\nfont-size:38px;\n}\nbody .av-special-heading.av-l4oovmja-f815a5c6672b205866437a524d956803 .av-special-heading-tag .heading-char{\nfont-size:25px;\n}\n#top #wrap_all .av-special-heading.av-l4oovmja-f815a5c6672b205866437a524d956803 .av-special-heading-tag{\nfont-size:38px;\n}\n.av-special-heading.av-l4oovmja-f815a5c6672b205866437a524d956803 .special-heading-inner-border{\nborder-color:#ffffff;\n}\n.av-special-heading.av-l4oovmja-f815a5c6672b205866437a524d956803 .av-subheading{\nfont-size:20px;\n}\n\n@media only screen and (min-width: 480px) and (max-width: 767px){ \n#top #wrap_all .av-special-heading.av-l4oovmja-f815a5c6672b205866437a524d956803 .av-special-heading-tag{\nfont-size:0.8em;\n}\n}\n\n@media only screen and (max-width: 479px){ \n#top #wrap_all .av-special-heading.av-l4oovmja-f815a5c6672b205866437a524d956803 .av-special-heading-tag{\nfont-size:0.8em;\n}\n}\n<\/style>\n<div  class='av-special-heading av-l4oovmja-f815a5c6672b205866437a524d956803 av-special-heading-h1 custom-color-heading blockquote modern-quote modern-centered  avia-builder-el-2  avia-builder-el-no-sibling  titleshadow av-inherit-size'><h1 class='av-special-heading-tag '  itemprop=\"headline\"  >Acc\u00e8s et transport<\/h1><div class='av_custom_color av-subheading av-subheading_below'><p>Le centre de vill\u00e9giature de Tremblant est situ\u00e9 au c\u0153ur des Laurentides, \u00e0 seulement 1 h 30 de Montr\u00e9al et 2 h d\u2019Ottawa.<br \/>\nD\u00e9couvrez comment rejoindre votre h\u00f4tel et vous d\u00e9placer ais\u00e9ment une fois sur place.<\/p>\n<\/div><div class=\"special-heading-border\"><div class=\"special-heading-inner-border\"><\/div><\/div><\/div><\/div>\n<\/div><\/div><\/main><!-- close content main element --><\/div><\/div><\/div><div id='after_section_1'  class='main_color av_default_container_wrap container_wrap fullsize'  ><div class='container av-section-cont-open' ><div class='template-page content  av-content-full alpha units'><div class='post-entry post-entry-type-page post-entry-3557'><div class='entry-content-wrapper clearfix'>\n<div class='av-column-wrapper-individual av-mobile-columns-flex av-columns-reverse'><div  class='flex_column av-mc2d9c35-60c2e02855ab1faea09da54161047f2c av_one_half  avia-builder-el-3  el_after_av_section  el_before_av_one_half  avia-builder-el-first  first flex_column_div  '     ><style type=\"text\/css\" data-created_by=\"avia_inline_auto\" id=\"style-css-av-mc2bbs74-06b3a6a8391e8bcb23f3ecb4c82618c9\">\n.avia-image-container.av-mc2bbs74-06b3a6a8391e8bcb23f3ecb4c82618c9 img.avia_image{\nbox-shadow:none;\n}\n.avia-image-container.av-mc2bbs74-06b3a6a8391e8bcb23f3ecb4c82618c9 .av-image-caption-overlay-center{\ncolor:#ffffff;\n}\n<\/style>\n<div  class='avia-image-container av-mc2bbs74-06b3a6a8391e8bcb23f3ecb4c82618c9 av-styling- av-img-linked avia-align-center  avia-builder-el-4  avia-builder-el-no-sibling '   itemprop=\"image\" itemscope=\"itemscope\" itemtype=\"https:\/\/schema.org\/ImageObject\" ><div class=\"avia-image-container-inner\"><div class=\"avia-image-overlay-wrap\"><img decoding=\"async\" fetchpriority=\"high\" class='wp-image- avia-img-lazy-loading-not- avia_image ' src=\"https:\/\/www.lessuitestremblant.com\/wp-content\/uploads\/2025\/04\/map-lst.jpg\" alt='' title=''   itemprop=\"thumbnailUrl\"  \/><\/div><\/div><\/div><\/div>\n<div  class='flex_column av-av_one_half-f2daff72c3d053d87531b28cbe2afcb2 av_one_half  avia-builder-el-5  el_after_av_one_half  el_before_av_toggle_container  flex_column_div  '     ><p>\n<style type=\"text\/css\" data-created_by=\"avia_inline_auto\" id=\"style-css-av-mc2c0tvf-5286f89e8ddb17d536c8deb92c468bea\">\n#top .av-special-heading.av-mc2c0tvf-5286f89e8ddb17d536c8deb92c468bea{\npadding-bottom:10px;\n}\nbody .av-special-heading.av-mc2c0tvf-5286f89e8ddb17d536c8deb92c468bea .av-special-heading-tag .heading-char{\nfont-size:25px;\n}\n.av-special-heading.av-mc2c0tvf-5286f89e8ddb17d536c8deb92c468bea .av-subheading{\nfont-size:15px;\n}\n<\/style>\n<div  class='av-special-heading av-mc2c0tvf-5286f89e8ddb17d536c8deb92c468bea av-special-heading-h2 blockquote modern-quote  avia-builder-el-6  el_before_av_textblock  avia-builder-el-first '><h2 class='av-special-heading-tag '  itemprop=\"headline\"  >Itin\u00e9raire jusqu\u2019\u00e0 votre h\u00f4tel<\/h2><div class=\"special-heading-border\"><div class=\"special-heading-inner-border\"><\/div><\/div><\/div><br \/>\n<section  class='av_textblock_section av-kvh1lnpo-cf53215b00767bdeb1fb8cb2f670468e '   itemscope=\"itemscope\" itemtype=\"https:\/\/schema.org\/CreativeWork\" ><div class='avia_textblock'  itemprop=\"text\" ><ul>\n<li><a href=\"https:\/\/www.google.ca\/maps\/dir\/''\/ermitage+du+lac\/data=!4m5!4m4!1m0!1m2!1m1!1s0x4ccf77d17dc4ec55:0xadc878e662cc2f91\" target=\"_blank\" rel=\"noopener noreferrer\">Ermitage du Lac<\/a><\/li>\n<li><a href=\"https:\/\/www.google.ca\/maps\/dir\/''\/holiday+inn+tremblant\/data=!4m5!4m4!1m0!1m2!1m1!1s0x4ccf77d27a155555:0x64ff44bd3be7dc87\" target=\"_blank\" rel=\"noopener noreferrer\">Holiday Inn Express &amp; Suites Tremblant<\/a><\/li>\n<li><a href=\"https:\/\/www.google.com\/maps\/dir\/\/Lodge+de+la+Montagne\/data=!4m8!4m7!1m0!1m5!1m1!1s0x4cce1b66775f501d:0x77fe62c824512b39!2m2!1d-74.5841382!2d46.2118839\" target=\"_blank\" rel=\"noopener noreferrer\">Lodge de la Montagne<\/a><\/li>\n<li><a href=\"https:\/\/www.google.com\/maps\/dir\/\/place+st+bernard+tremblant\/data=!4m8!4m7!1m0!1m5!1m1!1s0x4ccf77d27b44eb25:0x365af36e353df68a!2m2!1d-74.5853424!2d46.2128524\" target=\"_blank\" rel=\"noopener\">Place St-Bernard<\/a><\/li>\n<li><a href=\"https:\/\/www.google.ca\/maps\/dir\/''\/sommet+des+neiges\/data=!4m5!4m4!1m0!1m2!1m1!1s0x4ccf77d22581dacb:0xcbfa435eee0ffb55\" target=\"_blank\" rel=\"noopener noreferrer\">Sommet des Neiges<\/a><\/li>\n<li><a href=\"https:\/\/www.google.ca\/maps\/dir\/''\/tour+des+voyageurs\/data=!4m5!4m4!1m0!1m2!1m1!1s0x4cce1b66775f501d:0xb35fe2c571fcbc15\" target=\"_blank\" rel=\"noopener noreferrer\">Tour des Voyageurs I et II<\/a><\/li>\n<\/ul>\n<\/div><\/section><\/p><\/div><\/div><!--close flex column wrapper. Autoclose: 1 -->\n\n<style type=\"text\/css\" data-created_by=\"avia_inline_auto\" id=\"style-css-av-mc2bclmi-923581420bd282763d854a1ef52c3894\">\n#top .togglecontainer.av-mc2bclmi-923581420bd282763d854a1ef52c3894 p.toggler{\nfont-size:18px;\ncolor:#ffffff;\nbackground-color:#284779;\nborder-color:#284779;\n}\n#top .togglecontainer.av-mc2bclmi-923581420bd282763d854a1ef52c3894 p.toggler .toggle_icon{\ncolor:#ffffff;\nborder-color:#ffffff;\n}\n#top .togglecontainer.av-mc2bclmi-923581420bd282763d854a1ef52c3894 .toggle_wrap .toggle_content{\ncolor:#ffffff;\nbackground-color:#284779;\nborder-color:#284779;\n}\n<\/style>\n<div  class='togglecontainer av-mc2bclmi-923581420bd282763d854a1ef52c3894 av-minimal-toggle  avia-builder-el-8  el_after_av_one_half  el_before_av_section  avia-builder-el-last  av-desktop-hide av-medium-hide av-small-hide av-mini-hide toggle_close_all' >\n<section class='av_toggle_section av-av_toggle-122fcd3bc0bfc9677e8a4a50c2059b8f'  itemscope=\"itemscope\" itemtype=\"https:\/\/schema.org\/CreativeWork\" ><div role=\"tablist\" class=\"single_toggle\" data-tags=\"{All} \"  ><p id='toggle-toggle-id-1' data-fake-id='#toggle-id-1' class='toggler  av-title-above av-inherit-font-color hasCustomColor av-inherit-border-color'  itemprop=\"headline\"  role='tab' tabindex='0' aria-controls='toggle-id-1' data-slide-speed=\"200\" data-title=\"CARTE DES H\u00d4TELS\" data-title-open=\"\" data-aria_collapsed=\"Click to expand: CARTE DES H\u00d4TELS\" data-aria_expanded=\"Click to collapse: CARTE DES H\u00d4TELS\">CARTE DES H\u00d4TELS<span class=\"toggle_icon\"><span class=\"vert_icon\"><\/span><span class=\"hor_icon\"><\/span><\/span><\/p><div id='toggle-id-1' aria-labelledby='toggle-toggle-id-1' role='region' class='toggle_wrap  av-title-above'  ><div class='toggle_content invers-color av-inherit-font-color hasCustomColor av-inherit-border-color'  itemprop=\"text\" ><p><a href=\"https:\/\/www.lessuitestremblant.com\/pdf\/map-lst-fr.pdf\" target=\"_blank\" rel=\"noopener\"><img loading=\"lazy\" decoding=\"async\" class=\"size-full wp-image-20417 aligncenter\" src=\"https:\/\/www.lessuitestremblant.com\/wp-content\/uploads\/2025\/04\/map-lst.jpg\" alt=\"\" width=\"1911\" height=\"1276\" srcset=\"https:\/\/www.lessuitestremblant.com\/wp-content\/uploads\/2025\/04\/map-lst.jpg 1911w, https:\/\/www.lessuitestremblant.com\/wp-content\/uploads\/2025\/04\/map-lst-300x200.jpg 300w, https:\/\/www.lessuitestremblant.com\/wp-content\/uploads\/2025\/04\/map-lst-1030x688.jpg 1030w, https:\/\/www.lessuitestremblant.com\/wp-content\/uploads\/2025\/04\/map-lst-768x513.jpg 768w, https:\/\/www.lessuitestremblant.com\/wp-content\/uploads\/2025\/04\/map-lst-1536x1026.jpg 1536w, https:\/\/www.lessuitestremblant.com\/wp-content\/uploads\/2025\/04\/map-lst-1500x1002.jpg 1500w, https:\/\/www.lessuitestremblant.com\/wp-content\/uploads\/2025\/04\/map-lst-705x471.jpg 705w\" sizes=\"auto, (max-width: 1911px) 100vw, 1911px\" \/><\/a><\/p>\n<\/div><\/div><\/div><\/section>\n<\/div>\n<\/div><\/div><\/div><!-- close content main div --><\/div><\/div><div id='av_section_2'  class='avia-section av-kvjxaz47-39044a3aeb01fa89e43e66807ee23360 main_color avia-section-small avia-no-border-styling  avia-builder-el-9  el_after_av_toggle_container  avia-builder-el-last  avia-bg-style-scroll container_wrap fullsize'  ><div class='container av-section-cont-open' ><div class='template-page content  av-content-full alpha units'><div class='post-entry post-entry-type-page post-entry-3557'><div class='entry-content-wrapper clearfix'>\n\n<style type=\"text\/css\" data-created_by=\"avia_inline_auto\" id=\"style-css-av-mm3j8mqg-f8aeac23dd324f3ceea0b5413eb54a5a\">\n#top .avia-icon-list-container.av-mm3j8mqg-f8aeac23dd324f3ceea0b5413eb54a5a .iconlist_icon{\ncolor:#ffffff;\nbackground-color:#32598a;\n}\n#top .avia-icon-list-container.av-mm3j8mqg-f8aeac23dd324f3ceea0b5413eb54a5a .iconlist_icon svg:first-child{\nstroke:#ffffff;\nfill:#ffffff;\n}\n#top #wrap_all .avia-icon-list-container.av-mm3j8mqg-f8aeac23dd324f3ceea0b5413eb54a5a .av_iconlist_title{\nfont-size:20px;\n}\n<\/style>\n<div  class='avia-icon-list-container av-mm3j8mqg-f8aeac23dd324f3ceea0b5413eb54a5a  avia-builder-el-10  avia-builder-el-no-sibling '><ul class='avia-icon-list avia_animate_when_almost_visible avia-icon-list-left av-iconlist-big av-mm3j8mqg-f8aeac23dd324f3ceea0b5413eb54a5a'>\n<li><a href='https:\/\/www.villedemont-tremblant.qc.ca\/fr\/citoyens\/transport\/bus-mont-tremblant' title='Transport en commun offert par la Ville de Mont-Tremblant'  class='iconlist_icon av-mm3j8lzc-c0b0ae3744a5583d4f68bf166fe60ced avia-font-flaticon_les_suites_tremblant avia-iconfont avia-font-flaticon_les_suites_tremblant'><span class='av-icon-char' data-av_icon='\uf11c' data-av_iconfont='flaticon_les_suites_tremblant' aria-hidden=\"true\"><\/span><\/a><article class=\"article-icon-entry \"  itemscope=\"itemscope\" itemtype=\"https:\/\/schema.org\/CreativeWork\" ><div class=\"iconlist_content_wrap\"><header class=\"entry-content-header\" aria-label=\"Icon: &lt;a href=&#039;https:\/\/www.villedemont-tremblant.qc.ca\/fr\/citoyens\/transport\/bus-mont-tremblant&#039; title=&#039;Transport en commun offert par la Ville de Mont-Tremblant&#039;&gt;Transport en commun offert par la Ville de Mont-Tremblant&lt;\/a&gt;\"><h4 class='av_iconlist_title iconlist_title  '  itemprop=\"headline\" ><a href='https:\/\/www.villedemont-tremblant.qc.ca\/fr\/citoyens\/transport\/bus-mont-tremblant' title='Transport en commun offert par la Ville de Mont-Tremblant'>Transport en commun offert par la Ville de Mont-Tremblant<\/a><\/h4><\/header><div class='iconlist_content '  itemprop=\"text\" ><p><span style=\"color: #666666;\">Du centre de vill\u00e9giature au centre-ville, en passant par le noyau villageois, profitez du transport en commun gratuit de la Ville de Mont-Tremblant pour voyager entre les diff\u00e9rents p\u00f4les du territoire.<\/span> <strong><a href=\"https:\/\/www.villedemont-tremblant.qc.ca\/fr\/citoyens\/transport\/bus-mont-tremblant\" target=\"_blank\" rel=\"noopener\">Horaire et circuit en temps r\u00e9el<\/a><\/strong><\/p>\n<\/div><\/div><footer class=\"entry-footer\"><\/footer><\/article><div class=\"iconlist-timeline\"><\/div><\/li>\n<li><div class='iconlist_icon av-av_iconlist_item-d8d3841876ce3d741cd1617738d821b3 avia-font-flaticon_les_suites_tremblant avia-iconfont avia-font-flaticon_les_suites_tremblant'><span class='av-icon-char' data-av_icon='\uf125' data-av_iconfont='flaticon_les_suites_tremblant' aria-hidden=\"true\"><\/span><\/div><article class=\"article-icon-entry \"  itemscope=\"itemscope\" itemtype=\"https:\/\/schema.org\/CreativeWork\" ><div class=\"iconlist_content_wrap\"><header class=\"entry-content-header\" aria-label=\"Icon: Service de taxi \u00e0 Mont-Tremblant\"><h4 class='av_iconlist_title iconlist_title  '  itemprop=\"headline\" >Service de taxi \u00e0 Mont-Tremblant<\/h4><\/header><div class='iconlist_content '  itemprop=\"text\" ><ul>\n<li><strong><a href=\"https:\/\/taxiexpress.ca\/\" target=\"_blank\" rel=\"noopener\">Taxis Express<\/a><\/strong>: <a href=\"tel:+18194299119\">1-819-429-9119<\/a><\/li>\n<li><a href=\"https:\/\/www.taxitremblant.ca\/\" target=\"_blank\" rel=\"noopener\"><strong>Taxi Tremblant<\/strong><\/a>: <a href=\"tel:+18198088294\">1-819-808-8294<\/a><\/li>\n<\/ul>\n<\/div><\/div><footer class=\"entry-footer\"><\/footer><\/article><div class=\"iconlist-timeline\"><\/div><\/li>\n<li><a href='https:\/\/www.orleansexpress.com\/fr\/mont-tremblant\/' title='Service de transport entre l\u2019a\u00e9roport de Montr\u00e9al et le village pi\u00e9tonnier'  class='iconlist_icon av-av_iconlist_item-82b93d4b28d79883f2f17ce17c596057 avia-font-flaticon_les_suites_tremblant avia-iconfont avia-font-flaticon_les_suites_tremblant'><span class='av-icon-char' data-av_icon='\uf126' data-av_iconfont='flaticon_les_suites_tremblant' aria-hidden=\"true\"><\/span><\/a><article class=\"article-icon-entry \"  itemscope=\"itemscope\" itemtype=\"https:\/\/schema.org\/CreativeWork\" ><div class=\"iconlist_content_wrap\"><header class=\"entry-content-header\" aria-label=\"Icon: &lt;a href=&#039;https:\/\/www.orleansexpress.com\/fr\/mont-tremblant\/&#039; title=&#039;Service de transport entre l\u2019a\u00e9roport de Montr\u00e9al et le village pi\u00e9tonnier&#039;&gt;Service de transport entre l\u2019a\u00e9roport de Montr\u00e9al et le village pi\u00e9tonnier&lt;\/a&gt;\"><h4 class='av_iconlist_title iconlist_title  '  itemprop=\"headline\" ><a href='https:\/\/www.orleansexpress.com\/fr\/mont-tremblant\/' title='Service de transport entre l\u2019a\u00e9roport de Montr\u00e9al et le village pi\u00e9tonnier'>Service de transport entre l\u2019a\u00e9roport de Montr\u00e9al et le village pi\u00e9tonnier<\/a><\/h4><\/header><div class='iconlist_content '  itemprop=\"text\" ><p><span style=\"color: #666666;\">Rejoignez Tremblant l\u2019esprit tranquille gr\u00e2ce \u00e0 la nouvelle navette directe entre la station et l\u2019a\u00e9roport Montr\u00e9al-Trudeau (YUL). Offerte du jeudi au dimanche pendant la saison hivernale, elle assure deux allers-retours par jour.<\/span> <strong><a href=\"https:\/\/www.orleansexpress.com\/fr\/mont-tremblant\/\" target=\"_blank\" rel=\"noopener\">D\u00e9tails sur orleansexpress.com<\/a><\/strong><\/p>\n<\/div><\/div><footer class=\"entry-footer\"><\/footer><\/article><div class=\"iconlist-timeline\"><\/div><\/li>\n<\/ul><\/div>\n\n","protected":false},"excerpt":{"rendered":"","protected":false},"author":4,"featured_media":0,"parent":0,"menu_order":0,"comment_status":"closed","ping_status":"closed","template":"","meta":{"footnotes":""},"class_list":["post-3557","page","type-page","status-publish","hentry"],"yoast_head":"<!-- This site is optimized with the Yoast SEO plugin v27.4 - https:\/\/yoast.com\/product\/yoast-seo-wordpress\/ -->\n<title>Acc\u00e8s et transport | Les Suites Tremblant<\/title>\n<meta name=\"robots\" content=\"index, follow, max-snippet:-1, max-image-preview:large, max-video-preview:-1\" \/>\n<link rel=\"canonical\" href=\"https:\/\/www.lessuitestremblant.com\/fr\/comment-se-rendre\/\" \/>\n<meta property=\"og:locale\" content=\"fr_CA\" \/>\n<meta property=\"og:type\" content=\"article\" \/>\n<meta property=\"og:title\" content=\"Acc\u00e8s et transport | Les Suites Tremblant\" \/>\n<meta property=\"og:url\" content=\"https:\/\/www.lessuitestremblant.com\/fr\/comment-se-rendre\/\" \/>\n<meta property=\"og:site_name\" content=\"Les Suites Tremblant\" \/>\n<meta property=\"article:modified_time\" content=\"2026-02-26T14:02:16+00:00\" \/>\n<meta property=\"og:image\" content=\"https:\/\/www.lessuitestremblant.com\/wp-content\/uploads\/2025\/04\/map-lst.jpg\" \/>\n\t<meta property=\"og:image:width\" content=\"1911\" \/>\n\t<meta property=\"og:image:height\" content=\"1276\" \/>\n\t<meta property=\"og:image:type\" content=\"image\/jpeg\" \/>\n<meta name=\"twitter:card\" content=\"summary_large_image\" \/>\n<meta name=\"twitter:label1\" content=\"Estimation du temps de lecture\" \/>\n\t<meta name=\"twitter:data1\" content=\"2 minutes\" \/>\n<!-- \/ Yoast SEO plugin. -->","yoast_head_json":{"title":"Acc\u00e8s et transport | Les Suites Tremblant","robots":{"index":"index","follow":"follow","max-snippet":"max-snippet:-1","max-image-preview":"max-image-preview:large","max-video-preview":"max-video-preview:-1"},"canonical":"https:\/\/www.lessuitestremblant.com\/fr\/comment-se-rendre\/","og_locale":"fr_CA","og_type":"article","og_title":"Acc\u00e8s et transport | Les Suites Tremblant","og_url":"https:\/\/www.lessuitestremblant.com\/fr\/comment-se-rendre\/","og_site_name":"Les Suites Tremblant","article_modified_time":"2026-02-26T14:02:16+00:00","og_image":[{"width":1911,"height":1276,"url":"https:\/\/www.lessuitestremblant.com\/wp-content\/uploads\/2025\/04\/map-lst.jpg","type":"image\/jpeg"}],"twitter_card":"summary_large_image","twitter_misc":{"Estimation du temps de lecture":"2 minutes"},"schema":{"@context":"https:\/\/schema.org","@graph":[{"@type":"WebPage","@id":"https:\/\/www.lessuitestremblant.com\/fr\/comment-se-rendre\/","url":"https:\/\/www.lessuitestremblant.com\/fr\/comment-se-rendre\/","name":"Acc\u00e8s et transport | Les Suites Tremblant","isPartOf":{"@id":"https:\/\/www.lessuitestremblant.com\/fr\/#website"},"primaryImageOfPage":{"@id":"https:\/\/www.lessuitestremblant.com\/fr\/comment-se-rendre\/#primaryimage"},"image":{"@id":"https:\/\/www.lessuitestremblant.com\/fr\/comment-se-rendre\/#primaryimage"},"thumbnailUrl":"https:\/\/www.lessuitestremblant.com\/wp-content\/uploads\/2025\/04\/map-lst.jpg","datePublished":"2016-10-27T18:58:51+00:00","dateModified":"2026-02-26T14:02:16+00:00","breadcrumb":{"@id":"https:\/\/www.lessuitestremblant.com\/fr\/comment-se-rendre\/#breadcrumb"},"inLanguage":"fr-CA","potentialAction":[{"@type":"ReadAction","target":["https:\/\/www.lessuitestremblant.com\/fr\/comment-se-rendre\/"]}]},{"@type":"ImageObject","inLanguage":"fr-CA","@id":"https:\/\/www.lessuitestremblant.com\/fr\/comment-se-rendre\/#primaryimage","url":"https:\/\/www.lessuitestremblant.com\/wp-content\/uploads\/2025\/04\/map-lst.jpg","contentUrl":"https:\/\/www.lessuitestremblant.com\/wp-content\/uploads\/2025\/04\/map-lst.jpg"},{"@type":"BreadcrumbList","@id":"https:\/\/www.lessuitestremblant.com\/fr\/comment-se-rendre\/#breadcrumb","itemListElement":[{"@type":"ListItem","position":1,"name":"Accueil","item":"https:\/\/www.lessuitestremblant.com\/fr\/accueil\/"},{"@type":"ListItem","position":2,"name":"Acc\u00e8s et transport"}]},{"@type":"WebSite","@id":"https:\/\/www.lessuitestremblant.com\/fr\/#website","url":"https:\/\/www.lessuitestremblant.com\/fr\/","name":"Les Suites Tremblant","description":"","potentialAction":[{"@type":"SearchAction","target":{"@type":"EntryPoint","urlTemplate":"https:\/\/www.lessuitestremblant.com\/fr\/?s={search_term_string}"},"query-input":{"@type":"PropertyValueSpecification","valueRequired":true,"valueName":"search_term_string"}}],"inLanguage":"fr-CA"}]}},"_links":{"self":[{"href":"https:\/\/www.lessuitestremblant.com\/fr\/wp-json\/wp\/v2\/pages\/3557","targetHints":{"allow":["GET"]}}],"collection":[{"href":"https:\/\/www.lessuitestremblant.com\/fr\/wp-json\/wp\/v2\/pages"}],"about":[{"href":"https:\/\/www.lessuitestremblant.com\/fr\/wp-json\/wp\/v2\/types\/page"}],"author":[{"embeddable":true,"href":"https:\/\/www.lessuitestremblant.com\/fr\/wp-json\/wp\/v2\/users\/4"}],"replies":[{"embeddable":true,"href":"https:\/\/www.lessuitestremblant.com\/fr\/wp-json\/wp\/v2\/comments?post=3557"}],"version-history":[{"count":108,"href":"https:\/\/www.lessuitestremblant.com\/fr\/wp-json\/wp\/v2\/pages\/3557\/revisions"}],"predecessor-version":[{"id":25637,"href":"https:\/\/www.lessuitestremblant.com\/fr\/wp-json\/wp\/v2\/pages\/3557\/revisions\/25637"}],"wp:attachment":[{"href":"https:\/\/www.lessuitestremblant.com\/fr\/wp-json\/wp\/v2\/media?parent=3557"}],"curies":[{"name":"wp","href":"https:\/\/api.w.org\/{rel}","templated":true}]}}