{"id":3551,"date":"2016-10-27T14:59:19","date_gmt":"2016-10-27T18:59:19","guid":{"rendered":"https:\/\/www.lessuitestremblant.com\/fr\/?page_id=3551"},"modified":"2025-10-16T09:48:41","modified_gmt":"2025-10-16T13:48:41","slug":"nous-joindre","status":"publish","type":"page","link":"https:\/\/www.lessuitestremblant.com\/fr\/nous-joindre\/","title":{"rendered":"Nous joindre"},"content":{"rendered":"\n<style type=\"text\/css\" data-created_by=\"avia_inline_auto\" id=\"style-css-av-l4okesq6-82ae4b42b09e4efc61866c501d0cbfcf\">\n.avia-section.av-l4okesq6-82ae4b42b09e4efc61866c501d0cbfcf{\nbackground-repeat:no-repeat;\nbackground-image:url(https:\/\/www.lessuitestremblant.com\/wp-content\/uploads\/2020\/06\/hero-spring-l.jpg);\nbackground-position:50% 50%;\nbackground-attachment:scroll;\n}\n.avia-section.av-l4okesq6-82ae4b42b09e4efc61866c501d0cbfcf .av-section-color-overlay{\nopacity:0.3;\nbackground-color:#000000;\nbackground-image:url(https:\/\/www.lessuitestremblant.com\/wp-content\/themes\/enfold\/images\/background-images\/dots-for-dark-background.png);\nbackground-repeat:repeat;\n}\n<\/style>\n<div id='av_section_1'  class='avia-section av-l4okesq6-82ae4b42b09e4efc61866c501d0cbfcf main_color avia-section-default avia-no-border-styling  avia-builder-el-0  el_before_av_one_full  avia-builder-el-first  avia-full-stretch avia-bg-style-scroll av-section-color-overlay-active av-minimum-height av-minimum-height-75 av-height-75  container_wrap fullsize'  data-section-bg-repeat='stretch' data-av_minimum_height_pc='75' data-av_min_height_opt='75'><div class=\"av-section-color-overlay-wrap\"><div class=\"av-section-color-overlay\"><\/div><div class='container av-section-cont-open' ><main  role=\"main\" itemprop=\"mainContentOfPage\"  class='template-page content  av-content-full alpha units'><div class='post-entry post-entry-type-page post-entry-3551'><div class='entry-content-wrapper clearfix'>\n<div  class='flex_column av-av_one_full-b4edf36a8dfe1a02a41bb49ee071f0b1 av_one_full  avia-builder-el-1  el_before_av_one_full  avia-builder-el-first  first flex_column_div av-animated-generic top-to-bottom  '     ><style type=\"text\/css\" data-created_by=\"avia_inline_auto\" id=\"style-css-av-l4okcdz9-d47c8e326b62074eed46eb697b370ae8\">\n#top .av-special-heading.av-l4okcdz9-d47c8e326b62074eed46eb697b370ae8{\nmargin:0px 0px 0px 0px;\npadding-bottom:0;\ncolor:#ffffff;\n}\nbody .av-special-heading.av-l4okcdz9-d47c8e326b62074eed46eb697b370ae8 .av-special-heading-tag .heading-char{\nfont-size:25px;\n}\n.av-special-heading.av-l4okcdz9-d47c8e326b62074eed46eb697b370ae8 .special-heading-inner-border{\nborder-color:#ffffff;\n}\n.av-special-heading.av-l4okcdz9-d47c8e326b62074eed46eb697b370ae8 .av-subheading{\nfont-size:18px;\n}\n<\/style>\n<div  class='av-special-heading av-l4okcdz9-d47c8e326b62074eed46eb697b370ae8 av-special-heading-h1 custom-color-heading blockquote modern-quote modern-centered  avia-builder-el-2  avia-builder-el-no-sibling '><h1 class='av-special-heading-tag '  itemprop=\"headline\"  >NOUS JOINDRE<\/h1><div class='av_custom_color av-subheading av-subheading_below'><p>Pour toute question, r\u00e9servation ou m\u00eame une demande de soumission de groupe, veuillez utiliser notre formulaire en ligne.<\/p>\n<\/div><div class=\"special-heading-border\"><div class=\"special-heading-inner-border\"><\/div><\/div><\/div><\/div><div  class='flex_column av-av_one_full-0f6a8b96f65d50ad94ac8057c862fd43 av_one_full  avia-builder-el-3  el_after_av_one_full  avia-builder-el-last  first flex_column_div av-animated-generic bottom-to-top  column-top-margin'     ><div  class='avia-button-wrap av-l4okd9ce-b63d08b2b5db70ed5f0f96f4eb398a91-wrap avia-button-center  avia-builder-el-4  avia-builder-el-no-sibling '><a href='#international'  class='avia-button av-l4okd9ce-b63d08b2b5db70ed5f0f96f4eb398a91 av-link-btn avia-icon_select-yes-right-icon avia-size-medium avia-position-center avia-color-light'   aria-label=\"Client\u00e8le internationale\"><span class='avia_iconbox_title' >Client\u00e8le internationale<\/span><span class='avia_button_icon avia_button_icon_right avia-iconfont avia-font-entypo-fontello' data-av_icon='\ue875' data-av_iconfont='entypo-fontello' ><\/span><\/a><\/div><\/div>\n<\/div><\/div><\/main><!-- close content main element --><\/div><\/div><\/div><div id='after_section_1'  class='main_color av_default_container_wrap container_wrap fullsize'  ><div class='container av-section-cont-open' ><div class='template-page content  av-content-full alpha units'><div class='post-entry post-entry-type-page post-entry-3551'><div class='entry-content-wrapper clearfix'>\n<div  class='flex_column av-l4oo843y-82bde42261c1c6db86b3d43e6ed0631b av_one_full  avia-builder-el-5  el_after_av_section  el_before_av_section  avia-builder-el-no-sibling  first flex_column_div av-animated-generic pop-up  '     ><style type=\"text\/css\" data-created_by=\"avia_inline_auto\" id=\"style-css-av-mgth6ulx-1f1ffdbd04af7b7ee9c006ec2049a9f8\">\n.avia-timeline-container.av-mgth6ulx-1f1ffdbd04af7b7ee9c006ec2049a9f8 .av-milestone-date{\nfont-size:20px;\ncolor:#284779;\n}\n.avia-timeline-container.av-mgth6ulx-1f1ffdbd04af7b7ee9c006ec2049a9f8 .av-milestone-icon-inner{\nbackground-color:#284779;\ncolor:#ffffff;\n}\n.avia-timeline-container.av-mgth6ulx-1f1ffdbd04af7b7ee9c006ec2049a9f8 .av-milestone-indicator{\nbackground-color:#284779;\n}\n.avia-timeline-container.av-mgth6ulx-1f1ffdbd04af7b7ee9c006ec2049a9f8 .av-milestone-article-footer{\nbackground-color:#284779;\n}\n.avia-timeline-container.av-mgth6ulx-1f1ffdbd04af7b7ee9c006ec2049a9f8 i.milestone-char.avia-svg-icon svg:first-child{\nfill:#ffffff;\nstroke:#ffffff;\n}\n<\/style>\n<div  id=\"avia-timeline-1\"  class='avia-timeline-container av-mgth6ulx-1f1ffdbd04af7b7ee9c006ec2049a9f8 av-slideshow-ui  avia-builder-el-6  avia-builder-el-no-sibling ' ><ul class='avia-timeline avia-timeline-vertical av-milestone-placement-left avia-timeline-boxshadow avia_animate_when_almost_visible avia-timeline-animate'>\n<li  class='av-milestone av-mgth6j2y-eb30941794226822912aa04360f2fba0 av-animated-generic fade-in av-milestone-valign-baseline av-milestone-odd'><h2 class='av-milestone-date ' id='milestone-centrale-de-reservations' ><strong>Centrale de r\u00e9servations<span class='av-milestone-indicator'><\/span><\/strong><\/h2><a class='av-milestone-icon-wrap' href='tel:+18779666873'  title=\"\" aria-label=\"\"><span class='av-milestone-icon milestone_icon avia-font-flaticon_les_suites_tremblant'><span class='av-milestone-icon-inner milestone_inner'><i class='milestone-char avia-iconfont avia-font-flaticon_les_suites_tremblant' data-av_icon='\uf11f' data-av_iconfont='flaticon_les_suites_tremblant' ><\/i><\/span><\/span><\/a><article class='av-milestone-content-wrap'><div class='av-milestone-contentbox'><div class='av-milestone-content'><p>Vous voulez r\u00e9server, modifier ou annuler, planifier vos vacances ou en savoir plus sur nos produits? Appelez notre centrale de r\u00e9servations au <a href=\"tel:+18779666873\"><strong>1-877-966-6873<\/strong><\/a>, tous les jours de 9 h \u00e0 17 h (ferm\u00e9 les 25 d\u00e9cembre et 1 janvier).<\/p>\n<\/div><\/div><footer class='av-milestone-article-footer entry-footer'><\/footer><\/article><\/li>\n<li  class='av-milestone av-av_timeline_item-aedd360f0bc41e44596dc83c6c3c0006 av-animated-generic fade-in av-milestone-valign-baseline av-milestone-even'><h2 class='av-milestone-date ' id='milestone-groupes-et-affaires' ><strong>Groupes et affaires<span class='av-milestone-indicator'><\/span><\/strong><\/h2><div class=\"av-milestone-icon-wrap\"><span class='av-milestone-icon milestone_icon avia-font-flaticon_les_suites_tremblant'><span class='av-milestone-icon-inner milestone_inner'><i class='milestone-char avia-iconfont avia-font-flaticon_les_suites_tremblant' data-av_icon='\uf11d' data-av_iconfont='flaticon_les_suites_tremblant' ><\/i><\/span><\/span><\/div><article class='av-milestone-content-wrap'><div class='av-milestone-contentbox'><div class='av-milestone-content'><p>Contactez notre \u00e9quipe des ventes au <a href=\"tel:+18886815978\"><strong>1-888-681-5978<\/strong><\/a>, du lundi au vendredi de 8 h \u00e0 17 h, ou effectuez votre\u00a0<a href=\"https:\/\/www.lessuitestremblant.com\/fr\/groupes-affaires\/demande-soumission\/\"><strong>demande de soumission en ligne<\/strong><\/a>\u00a0pour un groupe de 20 personnes ou plus.<\/p>\n<\/div><\/div><footer class='av-milestone-article-footer entry-footer'><\/footer><\/article><\/li>\n<li  class='av-milestone av-av_timeline_item-901ca9487a6b999e40a0a372c7b2d282 av-animated-generic fade-in av-milestone-valign-baseline av-milestone-odd'><h2 class='av-milestone-date ' id='milestone-services-aux-proprietaires' ><strong>Services aux propri\u00e9taires<span class='av-milestone-indicator'><\/span><\/strong><\/h2><div class=\"av-milestone-icon-wrap\"><span class='av-milestone-icon milestone_icon avia-font-entypo-fontello'><span class='av-milestone-icon-inner milestone_inner'><i class='milestone-char avia-iconfont avia-font-entypo-fontello' data-av_icon='\ue821' data-av_iconfont='entypo-fontello' ><\/i><\/span><\/span><\/div><article class='av-milestone-content-wrap'><div class='av-milestone-contentbox'><div class='av-milestone-content'><p>Utilisez le\u00a0<a href=\"\/fr\/proprietaires\/#contact\"><strong>formulaire en ligne<\/strong><\/a>\u00a0pour toute demande concernant le syndicat de location Les Suites Tremblant.<\/p>\n<\/div><\/div><footer class='av-milestone-article-footer entry-footer'><\/footer><\/article><\/li>\n<\/ul><\/div><\/div><\/div><\/div><\/div><!-- close content main div --><\/div><\/div>\n<style type=\"text\/css\" data-created_by=\"avia_inline_auto\" id=\"style-css-av-2yg2dx-19f520c3c4946710af33a050b8b4181d\">\n.avia-section.av-2yg2dx-19f520c3c4946710af33a050b8b4181d{\nbackground-repeat:no-repeat;\nbackground-image:url(https:\/\/www.lessuitestremblant.com\/wp-content\/uploads\/2020\/06\/summer-permanent-18-offer-l.jpg);\nbackground-position:50% 50%;\nbackground-attachment:fixed;\n}\n.avia-section.av-2yg2dx-19f520c3c4946710af33a050b8b4181d .av-section-color-overlay{\nopacity:0.5;\nbackground-color:#000000;\n}\n<\/style>\n<div id='international'  class='avia-section av-2yg2dx-19f520c3c4946710af33a050b8b4181d main_color avia-section-large avia-no-border-styling  avia-builder-el-7  el_after_av_one_full  avia-builder-el-last  avia-full-stretch avia-bg-style-fixed av-section-color-overlay-active container_wrap fullsize'  data-section-bg-repeat='stretch'><div class=\"av-section-color-overlay-wrap\"><div class=\"av-section-color-overlay\"><\/div><div class='container av-section-cont-open' ><div class='template-page content  av-content-full alpha units'><div class='post-entry post-entry-type-page post-entry-3551'><div class='entry-content-wrapper clearfix'>\n<div  class='flex_column av-l4oo44jb-f1a66bf913ca92ec62e67fb508142320 av_one_full  avia-builder-el-8  avia-builder-el-no-sibling  first flex_column_div  '     ><p>\n<style type=\"text\/css\" data-created_by=\"avia_inline_auto\" id=\"style-css-av-l4okjj5j-07558162f2320a5e889e8ce8740b4ef0\">\n#top .av-special-heading.av-l4okjj5j-07558162f2320a5e889e8ce8740b4ef0{\nmargin:0px 0px 0px 0px;\npadding-bottom:20px;\ncolor:#ffffff;\n}\nbody .av-special-heading.av-l4okjj5j-07558162f2320a5e889e8ce8740b4ef0 .av-special-heading-tag .heading-char{\nfont-size:25px;\n}\n.av-special-heading.av-l4okjj5j-07558162f2320a5e889e8ce8740b4ef0 .special-heading-inner-border{\nborder-color:#ffffff;\n}\n.av-special-heading.av-l4okjj5j-07558162f2320a5e889e8ce8740b4ef0 .av-subheading{\nfont-size:18px;\n}\n<\/style>\n<div  id=\"onepager\"  class='av-special-heading av-l4okjj5j-07558162f2320a5e889e8ce8740b4ef0 av-special-heading-h1 custom-color-heading blockquote modern-quote modern-centered  avia-builder-el-9  el_before_av_partner  avia-builder-el-first '><h1 class='av-special-heading-tag '  itemprop=\"headline\"  >CLIENT\u00c8LE INTERNATIONALE<\/h1><div class=\"special-heading-border\"><div class=\"special-heading-inner-border\"><\/div><\/div><\/div><br \/>\n\n<style type=\"text\/css\" data-created_by=\"avia_inline_auto\" id=\"style-css-av-l4omm1r5-c15f9ece9bbd92c140b02d5760b371fc\">\n#top .avia-logo-element-container.av-l4omm1r5-c15f9ece9bbd92c140b02d5760b371fc .slide-entry{\npadding:5px 5px 5px 5px;\n}\n.avia-logo-element-container.av-l4omm1r5-c15f9ece9bbd92c140b02d5760b371fc .av-partner-fake-img{\nbackground-size:cover;\n}\n<\/style>\n<div  class='avia-logo-element-container av-l4omm1r5-c15f9ece9bbd92c140b02d5760b371fc avia-logo-grid avia-content-slider avia-smallarrow-slider avia-content-grid-active noHover avia-content-slider-even  avia-builder-el-10  el_after_av_heading  el_before_av_textblock  avia-content-slider1' ><div class='avia-smallarrow-slider-heading  no-logo-slider-heading '><\/div><div class=\"avia-content-slider-inner\"><div class=\"slide-entry-wrap\"><div data-avia-tooltip=\"Click to download\" class='slide-entry av-av_partner_logo-1dc43b69709183d64a766fd3c2ed6f2c flex_column no_margin av_one_sixth real-thumbnail post-entry slide-entry-overview slide-loop-1 slide-parity-odd  first'><a href=\"https:\/\/www.lessuitestremblant.com\/pdf\/les-suites-tremblant-international-guests-uk.pdf\" data-rel='slide-1' class='slide-image' title=''  target=\"_blank\"  rel=\"noopener noreferrer\"><span class='av-partner-fake-img' style='padding-bottom:66.5%; background-image:url(https:\/\/www.lessuitestremblant.com\/wp-content\/uploads\/2017\/07\/united-kingdom-flag.jpg);'><\/span><\/a><\/div><div data-avia-tooltip=\"Cliquez pour t\u00e9l\u00e9charger\" class='slide-entry av-av_partner_logo-9434922b4c403aa06cd3130d1af2ab2f flex_column no_margin av_one_sixth real-thumbnail post-entry slide-entry-overview slide-loop-2 slide-parity-even  '><a href=\"https:\/\/www.lessuitestremblant.com\/pdf\/les-suites-tremblant-international-guests-french.pdf\" data-rel='slide-1' class='slide-image' title=''  target=\"_blank\"  rel=\"noopener noreferrer\"><span class='av-partner-fake-img' style='padding-bottom:66.5%; background-image:url(https:\/\/www.lessuitestremblant.com\/wp-content\/uploads\/2017\/07\/french-flag.jpg);'><\/span><\/a><\/div><div data-avia-tooltip=\" Haga clic para descargar\" class='slide-entry av-av_partner_logo-78f9f2f372222cf644094e2904de23b8 flex_column no_margin av_one_sixth real-thumbnail post-entry slide-entry-overview slide-loop-3 slide-parity-odd  '><a href=\"https:\/\/www.lessuitestremblant.com\/pdf\/les-suites-tremblant-international-guests-spain.pdf\" data-rel='slide-1' class='slide-image' title=''  target=\"_blank\"  rel=\"noopener noreferrer\"><span class='av-partner-fake-img' style='padding-bottom:66.5%; background-image:url(https:\/\/www.lessuitestremblant.com\/wp-content\/uploads\/2017\/07\/spain-flag.jpg);'><\/span><\/a><\/div><div data-avia-tooltip=\"Fazer o download\" class='slide-entry av-av_partner_logo-dc4bebb3e6c41fb59670c1ae9f1e533d flex_column no_margin av_one_sixth real-thumbnail post-entry slide-entry-overview slide-loop-4 slide-parity-even  '><a href=\"https:\/\/www.lessuitestremblant.com\/pdf\/les-suites-tremblant-international-guests-portugal.pdf\" data-rel='slide-1' class='slide-image' title=''  target=\"_blank\"  rel=\"noopener noreferrer\"><span class='av-partner-fake-img' style='padding-bottom:66.5%; background-image:url(https:\/\/www.lessuitestremblant.com\/wp-content\/uploads\/2017\/07\/portuguese-flag.jpg);'><\/span><\/a><\/div><div data-avia-tooltip=\"\u30af\u30ea\u30c3\u30af\u3057\u3066\u30c0\u30a6\u30f3\u30ed\u30fc\u30c9\u3059\u308b\" class='slide-entry av-av_partner_logo-91a7d8d65cf9d7fab9e2b6c56eb57c2f flex_column no_margin av_one_sixth real-thumbnail post-entry slide-entry-overview slide-loop-5 slide-parity-odd  '><a href=\"https:\/\/www.lessuitestremblant.com\/pdf\/les-suites-tremblant-international-guests-japan.pdf\" data-rel='slide-1' class='slide-image' title=''  target=\"_blank\"  rel=\"noopener noreferrer\"><span class='av-partner-fake-img' style='padding-bottom:66.5%; background-image:url(https:\/\/www.lessuitestremblant.com\/wp-content\/uploads\/2017\/07\/japanese-flag.jpg);'><\/span><\/a><\/div><div data-avia-tooltip=\"\u70b9\u51fb\u4e0b\u8f7d\" class='slide-entry av-av_partner_logo-ea508620c310c5c86494bc09a6893a99 flex_column no_margin av_one_sixth real-thumbnail post-entry slide-entry-overview slide-loop-6 slide-parity-even post-entry-last '><a href=\"https:\/\/www.lessuitestremblant.com\/pdf\/les-suites-tremblant-international-guests-china.pdf\" data-rel='slide-1' class='slide-image' title=''  target=\"_blank\"  rel=\"noopener noreferrer\"><span class='av-partner-fake-img' style='padding-bottom:66.5%; background-image:url(https:\/\/www.lessuitestremblant.com\/wp-content\/uploads\/2017\/07\/chinese-flag.jpg);'><\/span><\/a><\/div><\/div><\/div><\/div><br \/>\n\n<style type=\"text\/css\" data-created_by=\"avia_inline_auto\" id=\"style-css-av-lmuyvqct-be60fa6ee7e6b85019773197b172828e\">\n#top .av_textblock_section.av-lmuyvqct-be60fa6ee7e6b85019773197b172828e .avia_textblock{\nfont-size:18px;\ncolor:#ffffff;\ntext-align:center;\n}\n<\/style>\n<section  class='av_textblock_section av-lmuyvqct-be60fa6ee7e6b85019773197b172828e '   itemscope=\"itemscope\" itemtype=\"https:\/\/schema.org\/CreativeWork\" ><div class='avia_textblock av_inherit_color'  itemprop=\"text\" ><p>Vous souhaitez effectuer une r\u00e9servation, planifier vos vacances ou simplement obtenir de l\u2019information sur l\u2019un de nos produits ou services?<\/p>\n<\/div><\/section><br \/>\n<div  class='avia-button-wrap av-1vnz4l-021657963bf39883a02b32b02da6dd67-wrap avia-button-center  avia-builder-el-12  el_after_av_textblock  avia-builder-el-last '>\n<style type=\"text\/css\" data-created_by=\"avia_inline_auto\" id=\"style-css-av-1vnz4l-021657963bf39883a02b32b02da6dd67\">\n#top #wrap_all .avia-button.av-1vnz4l-021657963bf39883a02b32b02da6dd67{\nbackground-color:#a72225;\nborder-color:#a72225;\ncolor:#ffffff;\ntransition:all 0.4s ease-in-out;\n}\n#top #wrap_all .avia-button.av-1vnz4l-021657963bf39883a02b32b02da6dd67 .avia-svg-icon svg:first-child{\nfill:#ffffff;\nstroke:#ffffff;\n}\n<\/style>\n<a href='tel:+15147647546'  class='avia-button av-1vnz4l-021657963bf39883a02b32b02da6dd67 av-link-btn avia-icon_select-no avia-size-large avia-position-center'   aria-label=\"1-514-764-7546\"><span class='avia_iconbox_title' >1-514-764-7546<\/span><\/a><\/div><\/p><\/div>\n<\/p>\n","protected":false},"excerpt":{"rendered":"","protected":false},"author":4,"featured_media":0,"parent":0,"menu_order":0,"comment_status":"closed","ping_status":"closed","template":"","meta":{"footnotes":""},"class_list":["post-3551","page","type-page","status-publish","hentry"],"yoast_head":"<!-- This site is optimized with the Yoast SEO plugin v27.4 - https:\/\/yoast.com\/product\/yoast-seo-wordpress\/ -->\n<title>Nous joindre | Les Suites Tremblant<\/title>\n<meta name=\"robots\" content=\"index, follow, max-snippet:-1, max-image-preview:large, max-video-preview:-1\" \/>\n<link rel=\"canonical\" href=\"https:\/\/www.lessuitestremblant.com\/fr\/nous-joindre\/\" \/>\n<meta property=\"og:locale\" content=\"fr_CA\" \/>\n<meta property=\"og:type\" content=\"article\" \/>\n<meta property=\"og:title\" content=\"Nous joindre | Les Suites Tremblant\" \/>\n<meta property=\"og:url\" content=\"https:\/\/www.lessuitestremblant.com\/fr\/nous-joindre\/\" \/>\n<meta property=\"og:site_name\" content=\"Les Suites Tremblant\" \/>\n<meta property=\"article:modified_time\" content=\"2025-10-16T13:48:41+00:00\" \/>\n<meta name=\"twitter:card\" content=\"summary_large_image\" \/>\n<meta name=\"twitter:label1\" content=\"Estimation du temps de lecture\" \/>\n\t<meta name=\"twitter:data1\" content=\"1 minute\" \/>\n<!-- \/ Yoast SEO plugin. -->","yoast_head_json":{"title":"Nous joindre | Les Suites Tremblant","robots":{"index":"index","follow":"follow","max-snippet":"max-snippet:-1","max-image-preview":"max-image-preview:large","max-video-preview":"max-video-preview:-1"},"canonical":"https:\/\/www.lessuitestremblant.com\/fr\/nous-joindre\/","og_locale":"fr_CA","og_type":"article","og_title":"Nous joindre | Les Suites Tremblant","og_url":"https:\/\/www.lessuitestremblant.com\/fr\/nous-joindre\/","og_site_name":"Les Suites Tremblant","article_modified_time":"2025-10-16T13:48:41+00:00","twitter_card":"summary_large_image","twitter_misc":{"Estimation du temps de lecture":"1 minute"},"schema":{"@context":"https:\/\/schema.org","@graph":[{"@type":"WebPage","@id":"https:\/\/www.lessuitestremblant.com\/fr\/nous-joindre\/","url":"https:\/\/www.lessuitestremblant.com\/fr\/nous-joindre\/","name":"Nous joindre | Les Suites Tremblant","isPartOf":{"@id":"https:\/\/www.lessuitestremblant.com\/fr\/#website"},"datePublished":"2016-10-27T18:59:19+00:00","dateModified":"2025-10-16T13:48:41+00:00","breadcrumb":{"@id":"https:\/\/www.lessuitestremblant.com\/fr\/nous-joindre\/#breadcrumb"},"inLanguage":"fr-CA","potentialAction":[{"@type":"ReadAction","target":["https:\/\/www.lessuitestremblant.com\/fr\/nous-joindre\/"]}]},{"@type":"BreadcrumbList","@id":"https:\/\/www.lessuitestremblant.com\/fr\/nous-joindre\/#breadcrumb","itemListElement":[{"@type":"ListItem","position":1,"name":"Accueil","item":"https:\/\/www.lessuitestremblant.com\/fr\/accueil\/"},{"@type":"ListItem","position":2,"name":"Nous joindre"}]},{"@type":"WebSite","@id":"https:\/\/www.lessuitestremblant.com\/fr\/#website","url":"https:\/\/www.lessuitestremblant.com\/fr\/","name":"Les Suites Tremblant","description":"","potentialAction":[{"@type":"SearchAction","target":{"@type":"EntryPoint","urlTemplate":"https:\/\/www.lessuitestremblant.com\/fr\/?s={search_term_string}"},"query-input":{"@type":"PropertyValueSpecification","valueRequired":true,"valueName":"search_term_string"}}],"inLanguage":"fr-CA"}]}},"_links":{"self":[{"href":"https:\/\/www.lessuitestremblant.com\/fr\/wp-json\/wp\/v2\/pages\/3551","targetHints":{"allow":["GET"]}}],"collection":[{"href":"https:\/\/www.lessuitestremblant.com\/fr\/wp-json\/wp\/v2\/pages"}],"about":[{"href":"https:\/\/www.lessuitestremblant.com\/fr\/wp-json\/wp\/v2\/types\/page"}],"author":[{"embeddable":true,"href":"https:\/\/www.lessuitestremblant.com\/fr\/wp-json\/wp\/v2\/users\/4"}],"replies":[{"embeddable":true,"href":"https:\/\/www.lessuitestremblant.com\/fr\/wp-json\/wp\/v2\/comments?post=3551"}],"version-history":[{"count":103,"href":"https:\/\/www.lessuitestremblant.com\/fr\/wp-json\/wp\/v2\/pages\/3551\/revisions"}],"predecessor-version":[{"id":23257,"href":"https:\/\/www.lessuitestremblant.com\/fr\/wp-json\/wp\/v2\/pages\/3551\/revisions\/23257"}],"wp:attachment":[{"href":"https:\/\/www.lessuitestremblant.com\/fr\/wp-json\/wp\/v2\/media?parent=3551"}],"curies":[{"name":"wp","href":"https:\/\/api.w.org\/{rel}","templated":true}]}}