{"id":14085,"date":"2022-10-24T11:36:57","date_gmt":"2022-10-24T15:36:57","guid":{"rendered":"https:\/\/www.lessuitestremblant.com\/?page_id=14085"},"modified":"2024-05-06T12:54:34","modified_gmt":"2024-05-06T16:54:34","slug":"objets-perdus","status":"publish","type":"page","link":"https:\/\/www.lessuitestremblant.com\/fr\/objets-perdus\/","title":{"rendered":"Objets perdus"},"content":{"rendered":"\n<style type=\"text\/css\" data-created_by=\"avia_inline_auto\" id=\"style-css-av-l4okesq6-77ebd73347995ae4ab5d096d8859093e\">\n.avia-section.av-l4okesq6-77ebd73347995ae4ab5d096d8859093e{\nbackground-repeat:no-repeat;\nbackground-image:url(https:\/\/www.lessuitestremblant.com\/wp-content\/uploads\/2016\/11\/hero-les-suites-tremblant-village.jpg);\nbackground-position:50% 50%;\nbackground-attachment:scroll;\n}\n.avia-section.av-l4okesq6-77ebd73347995ae4ab5d096d8859093e .av-section-color-overlay{\nopacity:0.2;\nbackground-color:#000000;\nbackground-image:url(https:\/\/www.lessuitestremblant.com\/wp-content\/themes\/enfold\/images\/background-images\/dots-for-dark-background.png);\nbackground-repeat:repeat;\n}\n<\/style>\n<div id='av_section_1'  class='avia-section av-l4okesq6-77ebd73347995ae4ab5d096d8859093e main_color avia-section-default avia-no-border-styling  avia-builder-el-0  el_before_av_textblock  avia-builder-el-first  avia-full-stretch avia-bg-style-scroll av-section-color-overlay-active av-minimum-height av-minimum-height-50 av-height-50  container_wrap fullsize'  data-section-bg-repeat='stretch' data-av_minimum_height_pc='50' data-av_min_height_opt='50'><div class=\"av-section-color-overlay-wrap\"><div class=\"av-section-color-overlay\"><\/div><div class='container av-section-cont-open' ><main  role=\"main\" itemprop=\"mainContentOfPage\"  class='template-page content  av-content-full alpha units'><div class='post-entry post-entry-type-page post-entry-14085'><div class='entry-content-wrapper clearfix'>\n<div  class='flex_column av-ofjyud-d17fd8eb67b1c9b791b61799dd91a099 av_one_full  avia-builder-el-1  avia-builder-el-no-sibling  first flex_column_div av-animated-generic top-to-bottom  '     ><style type=\"text\/css\" data-created_by=\"avia_inline_auto\" id=\"style-css-av-l4okcdz9-5d4c94f722ce24ca5dfefda24e5d874f\">\n#top .av-special-heading.av-l4okcdz9-5d4c94f722ce24ca5dfefda24e5d874f{\nmargin:0px 0px 0px 0px;\npadding-bottom:0;\ncolor:#ffffff;\nfont-size:40px;\n}\nbody .av-special-heading.av-l4okcdz9-5d4c94f722ce24ca5dfefda24e5d874f .av-special-heading-tag .heading-char{\nfont-size:25px;\n}\n#top #wrap_all .av-special-heading.av-l4okcdz9-5d4c94f722ce24ca5dfefda24e5d874f .av-special-heading-tag{\nfont-size:40px;\n}\n.av-special-heading.av-l4okcdz9-5d4c94f722ce24ca5dfefda24e5d874f .special-heading-inner-border{\nborder-color:#ffffff;\n}\n.av-special-heading.av-l4okcdz9-5d4c94f722ce24ca5dfefda24e5d874f .av-subheading{\nfont-size:18px;\n}\n\n@media only screen and (min-width: 480px) and (max-width: 767px){ \n#top #wrap_all .av-special-heading.av-l4okcdz9-5d4c94f722ce24ca5dfefda24e5d874f .av-special-heading-tag{\nfont-size:0.8em;\n}\n}\n\n@media only screen and (max-width: 479px){ \n#top #wrap_all .av-special-heading.av-l4okcdz9-5d4c94f722ce24ca5dfefda24e5d874f .av-special-heading-tag{\nfont-size:0.8em;\n}\n}\n<\/style>\n<div  class='av-special-heading av-l4okcdz9-5d4c94f722ce24ca5dfefda24e5d874f av-special-heading-h1 custom-color-heading blockquote modern-quote modern-centered  avia-builder-el-2  avia-builder-el-no-sibling  av-inherit-size'><h1 class='av-special-heading-tag '  itemprop=\"headline\"  >Vous avez perdu un objet?<\/h1><div class=\"special-heading-border\"><div class=\"special-heading-inner-border\"><\/div><\/div><\/div><\/div>\n<\/div><\/div><\/main><!-- close content main element --><\/div><\/div><\/div><div id='after_section_1'  class='main_color av_default_container_wrap container_wrap fullsize'  ><div class='container av-section-cont-open' ><div class='template-page content  av-content-full alpha units'><div class='post-entry post-entry-type-page post-entry-14085'><div class='entry-content-wrapper clearfix'>\n\n<style type=\"text\/css\" data-created_by=\"avia_inline_auto\" id=\"style-css-av-l9mznehf-8f3224772a3b1d8fc4597390f802c74b\">\n#top .av_textblock_section.av-l9mznehf-8f3224772a3b1d8fc4597390f802c74b .avia_textblock{\nfont-size:18px;\n}\n<\/style>\n<section  class='av_textblock_section av-l9mznehf-8f3224772a3b1d8fc4597390f802c74b '   itemscope=\"itemscope\" itemtype=\"https:\/\/schema.org\/CreativeWork\" ><div class='avia_textblock'  itemprop=\"text\" ><p style=\"text-align: center;\">Nous offrons un service de suivi pour les objets perdus dans nos h\u00f4tels, sur la montagne et dans le village pi\u00e9tonnier.<br \/>\nVeuillez <strong><a href=\"#formulaire\">compl\u00e9ter le formulaire ci-dessous<\/a><\/strong> pour r\u00e9clamer votre objet perdu. Chargerback vous fera suivre un courriel de confirmation avec un num\u00e9ro de suivi. Si votre objet est retrouv\u00e9, vous recevrez un courriel avec des instructions simples \u00e0 suivre afin de le r\u00e9cup\u00e9rer. Vous recevrez \u00e9galement une notification si nous ne parvenons pas \u00e0 le trouver.<\/p>\n<\/div><\/section>\n\n<style type=\"text\/css\" data-created_by=\"avia_inline_auto\" id=\"style-css-av-l9my4q91-6972812ed40d27d2c8d3db0fc8a9afe8\">\n#top .togglecontainer.av-l9my4q91-6972812ed40d27d2c8d3db0fc8a9afe8 p.toggler{\nborder-color:#284779;\n}\n#top .togglecontainer.av-l9my4q91-6972812ed40d27d2c8d3db0fc8a9afe8 p.toggler.activeTitle{\ncolor:#ffffff;\nborder-color:#ffffff;\nbackground-color:#284779;\n}\n#top .togglecontainer.av-l9my4q91-6972812ed40d27d2c8d3db0fc8a9afe8 p.toggler:not(.activeTitle):hover{\ncolor:#ffffff;\nbackground-color:#284779;\n}\n#top .togglecontainer.av-l9my4q91-6972812ed40d27d2c8d3db0fc8a9afe8 p.toggler:not(.activeTitle):hover .toggle_icon, #top .togglecontainer.av-l9my4q91-6972812ed40d27d2c8d3db0fc8a9afe8 p.toggler:not(.activeTitle):hover .toggle_icon *{\nborder-color:#ffffff !important;\n}\n#top .togglecontainer.av-l9my4q91-6972812ed40d27d2c8d3db0fc8a9afe8 .toggle_wrap .toggle_content{\nborder-color:#284779;\n}\n<\/style>\n<div  class='togglecontainer av-l9my4q91-6972812ed40d27d2c8d3db0fc8a9afe8 av-elegant-toggle  avia-builder-el-4  el_after_av_textblock  el_before_av_section  avia-builder-el-last  toggle_close_all hasCurrentStyle' >\n<section class='av_toggle_section av-l9my3mw0-c7ef9612c37173fe263ad071af808120'  itemscope=\"itemscope\" itemtype=\"https:\/\/schema.org\/CreativeWork\" ><div role=\"tablist\" class=\"single_toggle\" data-tags=\"{All} \"  ><p id='toggle-toggle-id-1' data-fake-id='#toggle-id-1' class='toggler  av-title-above av-inherit-border-color'  itemprop=\"headline\"  role='tab' tabindex='0' aria-controls='toggle-id-1' data-slide-speed=\"200\" data-title=\"Options de r\u00e9cup\u00e9ration\" data-title-open=\"\" data-aria_collapsed=\"Click to expand: Options de r\u00e9cup\u00e9ration\" data-aria_expanded=\"Click to collapse: Options de r\u00e9cup\u00e9ration\">Options de r\u00e9cup\u00e9ration<span class=\"toggle_icon\"><span class=\"vert_icon\"><\/span><span class=\"hor_icon\"><\/span><\/span><\/p><div id='toggle-id-1' aria-labelledby='toggle-toggle-id-1' role='region' class='toggle_wrap  av-title-above'  ><div class='toggle_content invers-color av-inherit-border-color'  itemprop=\"text\" ><p>Si votre objet a \u00e9t\u00e9 trouv\u00e9 dans les zones prises en charge, voici vos trois options:<\/p>\n<ol>\n<li>Nous pouvons le garder pendant 30 jours pour que vous puissiez le r\u00e9cup\u00e9rer directement \u00e0 la station (au Service \u00e0 la client\u00e8le du Chalet des Voyageurs ou \u00e0 l&rsquo;h\u00f4tel, selon le cas)<\/li>\n<li>Nous pouvons vous l\u2019envoyer par courrier Fedex, \u00e0 vos frais.<\/li>\n<li>Nous pouvons donner l&rsquo;article \u00e0 un organisme de charit\u00e9.<\/li>\n<\/ol>\n<p>Nous conservons les objets de valeur, notamment les portefeuilles, les sacs \u00e0 main, les t\u00e9l\u00e9phones portables et les pi\u00e8ces d&rsquo;identit\u00e9 pendant 90 jours. Toute carte de cr\u00e9dit ou de d\u00e9bit retrouv\u00e9e seule est conserv\u00e9e 24 h avant d\u2019\u00eatre d\u00e9truite. Les passeports seront conserv\u00e9s pendant une semaine puis remis au Service de police de Mont-Tremblant. Si les objets ne sont pas ramass\u00e9s dans le d\u00e9lai imparti, ils seront \u00e9limin\u00e9s ou donn\u00e9s.<\/p>\n<\/div><\/div><\/div><\/section>\n<section class='av_toggle_section av-13njc11-da335565d156f76ed1049b3c83949624'  itemscope=\"itemscope\" itemtype=\"https:\/\/schema.org\/CreativeWork\" ><div role=\"tablist\" class=\"single_toggle\" data-tags=\"{All} \"  ><p id='toggle-toggle-id-2' data-fake-id='#toggle-id-2' class='toggler  av-title-above av-inherit-border-color'  itemprop=\"headline\"  role='tab' tabindex='0' aria-controls='toggle-id-2' data-slide-speed=\"200\" data-title=\"Votre objet a \u00e9t\u00e9 vol\u00e9?\" data-title-open=\"\" data-aria_collapsed=\"Click to expand: Votre objet a \u00e9t\u00e9 vol\u00e9?\" data-aria_expanded=\"Click to collapse: Votre objet a \u00e9t\u00e9 vol\u00e9?\">Votre objet a \u00e9t\u00e9 vol\u00e9?<span class=\"toggle_icon\"><span class=\"vert_icon\"><\/span><span class=\"hor_icon\"><\/span><\/span><\/p><div id='toggle-id-2' aria-labelledby='toggle-toggle-id-2' role='region' class='toggle_wrap  av-title-above'  ><div class='toggle_content invers-color av-inherit-border-color'  itemprop=\"text\" ><p>Si vous pensez que votre article a \u00e9t\u00e9 vol\u00e9, veuillez ne pas remplir le formulaire ci-dessous. Contactez plut\u00f4t le service de police de Mont-Tremblant au\u00a0<a href=\"tel:+18194252723\">819-425-2723<\/a>.<\/p>\n<\/div><\/div><\/div><\/section>\n<section class='av_toggle_section av-ucipxh-5fb1c3e8fc11a5a1441d25580bcb468b'  itemscope=\"itemscope\" itemtype=\"https:\/\/schema.org\/CreativeWork\" ><div role=\"tablist\" class=\"single_toggle\" data-tags=\"{All} \"  ><p id='toggle-toggle-id-3' data-fake-id='#toggle-id-3' class='toggler  av-title-above av-inherit-border-color'  itemprop=\"headline\"  role='tab' tabindex='0' aria-controls='toggle-id-3' data-slide-speed=\"200\" data-title=\"Vous avez trouv\u00e9 quelque chose?\" data-title-open=\"\" data-aria_collapsed=\"Click to expand: Vous avez trouv\u00e9 quelque chose?\" data-aria_expanded=\"Click to collapse: Vous avez trouv\u00e9 quelque chose?\">Vous avez trouv\u00e9 quelque chose?<span class=\"toggle_icon\"><span class=\"vert_icon\"><\/span><span class=\"hor_icon\"><\/span><\/span><\/p><div id='toggle-id-3' aria-labelledby='toggle-toggle-id-3' role='region' class='toggle_wrap  av-title-above'  ><div class='toggle_content invers-color av-inherit-border-color'  itemprop=\"text\" ><p>Veuillez le d\u00e9poser au comptoir du Service \u00e0 la client\u00e8le du Chalet des voyageurs.<\/p>\n<\/div><\/div><\/div><\/section>\n<\/div>\n<\/div><\/div><\/div><!-- close content main div --><\/div><\/div><div id='formulaire'  class='avia-section av-l9n022yh-b16b31bbd85cde993ed9b10ad952d155 main_color avia-section-default avia-no-border-styling  avia-builder-el-5  el_after_av_toggle_container  avia-builder-el-last  avia-bg-style-scroll container_wrap fullsize'  ><div class='container av-section-cont-open' ><div class='template-page content  av-content-full alpha units'><div class='post-entry post-entry-type-page post-entry-14085'><div class='entry-content-wrapper clearfix'>\n\n<style type=\"text\/css\" data-created_by=\"avia_inline_auto\" id=\"style-css-av-l9mzqzl7-7c900f6de8f2a6000d1e4e948cc948d9\">\n#top .av-special-heading.av-l9mzqzl7-7c900f6de8f2a6000d1e4e948cc948d9{\nmargin:0px 0px 0px 0px;\npadding-bottom:0;\ncolor:#2c444e;\nfont-size:30px;\n}\nbody .av-special-heading.av-l9mzqzl7-7c900f6de8f2a6000d1e4e948cc948d9 .av-special-heading-tag .heading-char{\nfont-size:25px;\n}\n#top #wrap_all .av-special-heading.av-l9mzqzl7-7c900f6de8f2a6000d1e4e948cc948d9 .av-special-heading-tag{\nfont-size:30px;\n}\n.av-special-heading.av-l9mzqzl7-7c900f6de8f2a6000d1e4e948cc948d9 .special-heading-inner-border{\nborder-color:#2c444e;\n}\n.av-special-heading.av-l9mzqzl7-7c900f6de8f2a6000d1e4e948cc948d9 .av-subheading{\nfont-size:18px;\n}\n\n@media only screen and (min-width: 480px) and (max-width: 767px){ \n#top #wrap_all .av-special-heading.av-l9mzqzl7-7c900f6de8f2a6000d1e4e948cc948d9 .av-special-heading-tag{\nfont-size:0.8em;\n}\n}\n\n@media only screen and (max-width: 479px){ \n#top #wrap_all .av-special-heading.av-l9mzqzl7-7c900f6de8f2a6000d1e4e948cc948d9 .av-special-heading-tag{\nfont-size:0.8em;\n}\n}\n<\/style>\n<div  class='av-special-heading av-l9mzqzl7-7c900f6de8f2a6000d1e4e948cc948d9 av-special-heading-h2 custom-color-heading blockquote modern-quote modern-centered  avia-builder-el-6  el_before_av_codeblock  avia-builder-el-first  av-inherit-size'><h2 class='av-special-heading-tag '  itemprop=\"headline\"  >Signaler un objet perdu<\/h2><div class=\"special-heading-border\"><div class=\"special-heading-inner-border\"><\/div><\/div><\/div>\n\n\n","protected":false},"excerpt":{"rendered":"","protected":false},"author":4,"featured_media":0,"parent":0,"menu_order":0,"comment_status":"closed","ping_status":"closed","template":"","meta":{"footnotes":""},"class_list":["post-14085","page","type-page","status-publish","hentry"],"yoast_head":"<!-- This site is optimized with the Yoast SEO plugin v27.4 - https:\/\/yoast.com\/product\/yoast-seo-wordpress\/ -->\n<title>Objets perdus | Les Suites Tremblant<\/title>\n<meta name=\"robots\" content=\"index, follow, max-snippet:-1, max-image-preview:large, max-video-preview:-1\" \/>\n<link rel=\"canonical\" href=\"https:\/\/www.lessuitestremblant.com\/fr\/objets-perdus\/\" \/>\n<meta property=\"og:locale\" content=\"fr_CA\" \/>\n<meta property=\"og:type\" content=\"article\" \/>\n<meta property=\"og:title\" content=\"Objets perdus | Les Suites Tremblant\" \/>\n<meta property=\"og:url\" content=\"https:\/\/www.lessuitestremblant.com\/fr\/objets-perdus\/\" \/>\n<meta property=\"og:site_name\" content=\"Les Suites Tremblant\" \/>\n<meta property=\"article:modified_time\" content=\"2024-05-06T16:54:34+00:00\" \/>\n<meta name=\"twitter:card\" content=\"summary_large_image\" \/>\n<meta name=\"twitter:label1\" content=\"Estimation du temps de lecture\" \/>\n\t<meta name=\"twitter:data1\" content=\"2 minutes\" \/>\n<!-- \/ Yoast SEO plugin. -->","yoast_head_json":{"title":"Objets perdus | Les Suites Tremblant","robots":{"index":"index","follow":"follow","max-snippet":"max-snippet:-1","max-image-preview":"max-image-preview:large","max-video-preview":"max-video-preview:-1"},"canonical":"https:\/\/www.lessuitestremblant.com\/fr\/objets-perdus\/","og_locale":"fr_CA","og_type":"article","og_title":"Objets perdus | Les Suites Tremblant","og_url":"https:\/\/www.lessuitestremblant.com\/fr\/objets-perdus\/","og_site_name":"Les Suites Tremblant","article_modified_time":"2024-05-06T16:54:34+00:00","twitter_card":"summary_large_image","twitter_misc":{"Estimation du temps de lecture":"2 minutes"},"schema":{"@context":"https:\/\/schema.org","@graph":[{"@type":"WebPage","@id":"https:\/\/www.lessuitestremblant.com\/fr\/objets-perdus\/","url":"https:\/\/www.lessuitestremblant.com\/fr\/objets-perdus\/","name":"Objets perdus | Les Suites Tremblant","isPartOf":{"@id":"https:\/\/www.lessuitestremblant.com\/fr\/#website"},"datePublished":"2022-10-24T15:36:57+00:00","dateModified":"2024-05-06T16:54:34+00:00","breadcrumb":{"@id":"https:\/\/www.lessuitestremblant.com\/fr\/objets-perdus\/#breadcrumb"},"inLanguage":"fr-CA","potentialAction":[{"@type":"ReadAction","target":["https:\/\/www.lessuitestremblant.com\/fr\/objets-perdus\/"]}]},{"@type":"BreadcrumbList","@id":"https:\/\/www.lessuitestremblant.com\/fr\/objets-perdus\/#breadcrumb","itemListElement":[{"@type":"ListItem","position":1,"name":"Accueil","item":"https:\/\/www.lessuitestremblant.com\/fr\/accueil\/"},{"@type":"ListItem","position":2,"name":"Objets perdus"}]},{"@type":"WebSite","@id":"https:\/\/www.lessuitestremblant.com\/fr\/#website","url":"https:\/\/www.lessuitestremblant.com\/fr\/","name":"Les Suites Tremblant","description":"","potentialAction":[{"@type":"SearchAction","target":{"@type":"EntryPoint","urlTemplate":"https:\/\/www.lessuitestremblant.com\/fr\/?s={search_term_string}"},"query-input":{"@type":"PropertyValueSpecification","valueRequired":true,"valueName":"search_term_string"}}],"inLanguage":"fr-CA"}]}},"_links":{"self":[{"href":"https:\/\/www.lessuitestremblant.com\/fr\/wp-json\/wp\/v2\/pages\/14085","targetHints":{"allow":["GET"]}}],"collection":[{"href":"https:\/\/www.lessuitestremblant.com\/fr\/wp-json\/wp\/v2\/pages"}],"about":[{"href":"https:\/\/www.lessuitestremblant.com\/fr\/wp-json\/wp\/v2\/types\/page"}],"author":[{"embeddable":true,"href":"https:\/\/www.lessuitestremblant.com\/fr\/wp-json\/wp\/v2\/users\/4"}],"replies":[{"embeddable":true,"href":"https:\/\/www.lessuitestremblant.com\/fr\/wp-json\/wp\/v2\/comments?post=14085"}],"version-history":[{"count":17,"href":"https:\/\/www.lessuitestremblant.com\/fr\/wp-json\/wp\/v2\/pages\/14085\/revisions"}],"predecessor-version":[{"id":16366,"href":"https:\/\/www.lessuitestremblant.com\/fr\/wp-json\/wp\/v2\/pages\/14085\/revisions\/16366"}],"wp:attachment":[{"href":"https:\/\/www.lessuitestremblant.com\/fr\/wp-json\/wp\/v2\/media?parent=14085"}],"curies":[{"name":"wp","href":"https:\/\/api.w.org\/{rel}","templated":true}]}}